{"id":997,"date":"2017-03-13T14:49:27","date_gmt":"2017-03-13T13:49:27","guid":{"rendered":"http:\/\/www.woodtools.hu\/wt\/?page_id=997"},"modified":"2019-12-11T13:45:26","modified_gmt":"2019-12-11T12:45:26","slug":"korfureszlapok","status":"publish","type":"page","link":"http:\/\/www.woodtools.hu\/wt\/korfureszlapok\/","title":{"rendered":"K\u00f6rf\u0171r\u00e9szlapok"},"content":{"rendered":"<p>&nbsp;<\/p>\n<p>&nbsp;<\/p>\n<p>&nbsp;<\/p>\n<p>Az \u00e1rak forintban \u00e9rtend\u0151k \u00a027% \u00e1fa \u00f6sszeg\u00e9t tartalmazz\u00e1k .<\/p>\n","protected":false},"excerpt":{"rendered":"<p>&nbsp; &nbsp; &nbsp; Az \u00e1rak forintban \u00e9rtend\u0151k \u00a027% \u00e1fa \u00f6sszeg\u00e9t tartalmazz\u00e1k .<\/p>\n","protected":false},"author":2,"featured_media":1002,"parent":0,"menu_order":7,"comment_status":"closed","ping_status":"closed","template":"","meta":{"footnotes":""},"class_list":["post-997","page","type-page","status-publish","has-post-thumbnail","hentry"],"aioseo_notices":[],"_links":{"self":[{"href":"http:\/\/www.woodtools.hu\/wt\/wp-json\/wp\/v2\/pages\/997","targetHints":{"allow":["GET"]}}],"collection":[{"href":"http:\/\/www.woodtools.hu\/wt\/wp-json\/wp\/v2\/pages"}],"about":[{"href":"http:\/\/www.woodtools.hu\/wt\/wp-json\/wp\/v2\/types\/page"}],"author":[{"embeddable":true,"href":"http:\/\/www.woodtools.hu\/wt\/wp-json\/wp\/v2\/users\/2"}],"replies":[{"embeddable":true,"href":"http:\/\/www.woodtools.hu\/wt\/wp-json\/wp\/v2\/comments?post=997"}],"version-history":[{"count":6,"href":"http:\/\/www.woodtools.hu\/wt\/wp-json\/wp\/v2\/pages\/997\/revisions"}],"predecessor-version":[{"id":1280,"href":"http:\/\/www.woodtools.hu\/wt\/wp-json\/wp\/v2\/pages\/997\/revisions\/1280"}],"wp:featuredmedia":[{"embeddable":true,"href":"http:\/\/www.woodtools.hu\/wt\/wp-json\/wp\/v2\/media\/1002"}],"wp:attachment":[{"href":"http:\/\/www.woodtools.hu\/wt\/wp-json\/wp\/v2\/media?parent=997"}],"curies":[{"name":"wp","href":"https:\/\/api.w.org\/{rel}","templated":true}]}}