{"id":989,"date":"2014-06-05T09:30:45","date_gmt":"2014-06-05T07:30:45","guid":{"rendered":"http:\/\/www.woodtools.hu\/wt\/?page_id=989"},"modified":"2024-11-18T13:15:12","modified_gmt":"2024-11-18T12:15:12","slug":"gyalukesek-cserelapkak","status":"publish","type":"page","link":"http:\/\/www.woodtools.hu\/wt\/gyalukesek-cserelapkak\/","title":{"rendered":"Gyaluk\u00e9sek , cserelapk\u00e1k"},"content":{"rendered":"<p><img loading=\"lazy\" decoding=\"async\" class=\"alignnone size-thumbnail wp-image-987\" src=\"http:\/\/www.woodtools.hu\/wp-content\/uploads\/cserelapk\u00e1k-150x150.png\" alt=\"\" width=\"150\" height=\"150\" \/><\/p>\n<p>Cserelapk\u00e1k<br \/>\n12\u00d712 \u00d71.5 \u00a0 Z4\u00a0 \u00a0 \u00a0 1138<span style=\"color: #ff0000;\">&#8211;<\/span><br \/>\n30\u00d712 \u00d71.5 \u00a0 Z2\u00a0 \u00a0 \u00a0 1320<span style=\"color: #ff0000;\">&#8211;<\/span><br \/>\n30\u00d712 \u00d71.5 \u00a0Z 4<span style=\"color: #ff0000;\">\u00a0 \u00a0 \u00a0 2220-<\/span><br \/>\n40\u00d712\u00d71.5 \u00a0 Z2 \u00a0 \u00a0 <span style=\"color: #ff0000;\">\u00a0 1740 &#8211;<\/span><br \/>\n40\u00d712\u00d71.5 \u00a0 Z4 \u00a0 \u00a0 \u00a0 \u00a0<span style=\"color: #ff0000;\">3465-<\/span><br \/>\n50\u00d712\u00d71.5 \u00a0 Z2 \u00a0\u00a0<span style=\"color: #ff0000;\">\u00a0 \u00a0 \u00a02095-\u00a0<\/span><br \/>\n50\u00d712\u00d71.5 \u00a0 Z4 \u00a0 \u00a0 \u00a0<span style=\"color: #ff0000;\">\u00a0 4010-<\/span><br \/>\n<span style=\"color: #ff0000;\"><br \/>\n<\/span><\/p>\n<p><img loading=\"lazy\" decoding=\"async\" class=\"alignnone size-thumbnail wp-image-988\" src=\"http:\/\/www.woodtools.hu\/wp-content\/uploads\/gyaluk\u00e9s-150x150.jpg\" alt=\"\" width=\"150\" height=\"150\" \/><\/p>\n<table width=\"472\">\n<tbody>\n<tr>\n<td colspan=\"2\">Gyaluk\u00e9s HSS 18%<\/td>\n<td><\/td>\n<\/tr>\n<tr>\n<td><\/td>\n<td><\/td>\n<td>Elad\u00e1si \u00e1r \u00a0Brutt\u00f3<\/td>\n<\/tr>\n<tr>\n<td>300x20x3,0<\/td>\n<td><\/td>\n<td><span style=\"color: #ff0000;\">\u00a0 \u00a0 \u00a0 \u00a0 \u00a0 \u00a03770-<\/span><\/td>\n<\/tr>\n<tr>\n<td>310x25x3,0<\/td>\n<td><\/td>\n<td>\u00a0 \u00a0 \u00a0 \u00a0 \u00a0<span style=\"color: #ff0000;\"> \u00a03770-<\/span><\/td>\n<\/tr>\n<tr>\n<td colspan=\"2\">310x30x3,0<\/td>\n<td>\u00a0 \u00a0 \u00a0 \u00a0 \u00a0 <span style=\"color: #ff0000;\">\u00a03984-<\/span><\/td>\n<\/tr>\n<tr>\n<td>410x25x3,0<\/td>\n<td><\/td>\n<td>\u00a0 \u00a0 \u00a0 \u00a0 \u00a0 <span style=\"color: #ff0000;\">\u00a05155-<\/span><\/td>\n<\/tr>\n<tr>\n<td colspan=\"2\">410x30x3,0<\/td>\n<td>\u00a0 \u00a0 \u00a0 \u00a0 \u00a0 \u00a0<span style=\"color: #ff0000;\">5270-<\/span><\/td>\n<\/tr>\n<tr>\n<td>410x35x3,0<\/td>\n<td><\/td>\n<td>\u00a0 \u00a0 \u00a0 \u00a0 \u00a0 \u00a0<span style=\"color: #ff0000;\">5384-<\/span><\/td>\n<\/tr>\n<tr>\n<td colspan=\"2\">510x30x3,0<\/td>\n<td>\u00a0 \u00a0 \u00a0 \u00a0 \u00a0 \u00a0<span style=\"color: #ff0000;\">6555-<\/span><\/td>\n<\/tr>\n<tr>\n<td>510x35x3,0<\/td>\n<td><\/td>\n<td>\u00a0 \u00a0 \u00a0 \u00a0 <span style=\"color: #ff0000;\">\u00a0 \u00a06697-<\/span><\/td>\n<\/tr>\n<tr>\n<td colspan=\"2\">610x30x3,0<\/td>\n<td>\u00a0 \u00a0 \u00a0 \u00a0 \u00a0 \u00a0<span style=\"color: #ff0000;\">7843-<\/span><\/td>\n<\/tr>\n<tr>\n<td>610x35x3,0<\/td>\n<td><\/td>\n<td>\u00a0 \u00a0 \u00a0 \u00a0 \u00a0 <span style=\"color: #ff0000;\">\u00a08013-<\/span><\/td>\n<\/tr>\n<tr>\n<td colspan=\"2\">710x30x3,0<\/td>\n<td>\u00a0 \u00a0 \u00a0 \u00a0 \u00a0 \u00a0<span style=\"color: #ff0000;\">9125-<\/span><\/td>\n<\/tr>\n<tr>\n<td>710x35x3,0<\/td>\n<td><\/td>\n<td>\u00a0 \u00a0 \u00a0 \u00a0 \u00a0 \u00a0<span style=\"color: #ff0000;\">9325-<\/span><\/td>\n<\/tr>\n<tr>\n<td colspan=\"2\">1050x30x3,0<\/td>\n<td>\u00a0 \u00a0 \u00a0 \u00a0 \u00a0<span style=\"color: #ff0000;\"> \u00a013.495-<\/span><\/td>\n<\/tr>\n<tr>\n<td>1050x35x3,0<\/td>\n<td><\/td>\n<td>\u00a0 \u00a0 \u00a0 \u00a0 \u00a0 \u00a0<span style=\"color: #ff0000;\">13.790-<\/span><\/td>\n<\/tr>\n<\/tbody>\n<\/table>\n<p>Az \u00e1rak forintban \u00e9rtend\u0151k a 27% \u00e1fa \u00f6sszeg\u00e9t tartalmazza<\/p>\n","protected":false},"excerpt":{"rendered":"<p>Cserelapk\u00e1k 12\u00d712 \u00d71.5 \u00a0 Z4\u00a0 \u00a0 \u00a0 1138&#8211; 30\u00d712 \u00d71.5 \u00a0 Z2\u00a0 \u00a0 \u00a0 1320&#8211; 30\u00d712 \u00d71.5 \u00a0Z 4\u00a0 \u00a0 \u00a0 2220- 40\u00d712\u00d71.5 \u00a0 Z2 \u00a0 \u00a0 \u00a0 1740 &#8211; 40\u00d712\u00d71.5 \u00a0 Z4 \u00a0 \u00a0 \u00a0 \u00a03465- 50\u00d712\u00d71.5 \u00a0 Z2 \u00a0\u00a0\u00a0 \u00a0 \u00a02095-\u00a0 50\u00d712\u00d71.5 \u00a0 Z4 \u00a0 \u00a0 \u00a0\u00a0 4010- Gyaluk\u00e9s HSS 18% Elad\u00e1si \u00e1r &hellip; <a href=\"http:\/\/www.woodtools.hu\/wt\/gyalukesek-cserelapkak\/\" class=\"more-link\"><span class=\"screen-reader-text\">Gyaluk\u00e9sek , cserelapk\u00e1k<\/span> b\u0151vebben&#8230; <span class=\"meta-nav\">&rarr;<\/span><\/a><\/p>\n","protected":false},"author":2,"featured_media":0,"parent":0,"menu_order":8,"comment_status":"closed","ping_status":"closed","template":"","meta":{"footnotes":""},"class_list":["post-989","page","type-page","status-publish","hentry"],"aioseo_notices":[],"_links":{"self":[{"href":"http:\/\/www.woodtools.hu\/wt\/wp-json\/wp\/v2\/pages\/989","targetHints":{"allow":["GET"]}}],"collection":[{"href":"http:\/\/www.woodtools.hu\/wt\/wp-json\/wp\/v2\/pages"}],"about":[{"href":"http:\/\/www.woodtools.hu\/wt\/wp-json\/wp\/v2\/types\/page"}],"author":[{"embeddable":true,"href":"http:\/\/www.woodtools.hu\/wt\/wp-json\/wp\/v2\/users\/2"}],"replies":[{"embeddable":true,"href":"http:\/\/www.woodtools.hu\/wt\/wp-json\/wp\/v2\/comments?post=989"}],"version-history":[{"count":6,"href":"http:\/\/www.woodtools.hu\/wt\/wp-json\/wp\/v2\/pages\/989\/revisions"}],"predecessor-version":[{"id":1571,"href":"http:\/\/www.woodtools.hu\/wt\/wp-json\/wp\/v2\/pages\/989\/revisions\/1571"}],"wp:attachment":[{"href":"http:\/\/www.woodtools.hu\/wt\/wp-json\/wp\/v2\/media?parent=989"}],"curies":[{"name":"wp","href":"https:\/\/api.w.org\/{rel}","templated":true}]}}