{"id":97,"date":"2014-06-12T09:02:27","date_gmt":"2014-06-12T07:02:27","guid":{"rendered":"http:\/\/www.woodtools.hu\/?page_id=97"},"modified":"2014-07-02T08:26:44","modified_gmt":"2014-07-02T06:26:44","slug":"egyebek","status":"publish","type":"page","link":"http:\/\/www.woodtools.hu\/wt\/egyebek\/","title":{"rendered":"Egyebek"},"content":{"rendered":"<p><span style=\"color: #444444;\"><div class='thumbnailblock'><div id='thumbnailgridcontainer' class='thumbnailgridcontainer tbdgrd_97 responsive-grid' style=''><div data-postid=502 class='griditemleft' style=''>\n                <div class='postimage' style=''>\n                    <a href=http:\/\/www.woodtools.hu\/wt\/egyebek\/milesi\/ title='Milesi' ><img alt='http:\/\/Milesi' class='' src='http:\/\/www.woodtools.hu\/wp-content\/uploads\/milesi-logo-150x104.jpg' style='' \/><\/a>\n\t            <\/div>\n                <div class='postimage-title' style=''>\n                    <a style='' href=http:\/\/www.woodtools.hu\/wt\/egyebek\/milesi\/ title=&#039;Milesi&#039; >Milesi<\/a>\n\t            <\/div>\n            <\/div><div data-postid=394 class='griditemleft' style=''>\n                <div class='postimage' style=''>\n                    <a href=http:\/\/www.woodtools.hu\/wt\/egyebek\/tipli-jelolo-tuske\/ title='Tipli jel\u00f6l\u0151 t\u00fcske Bosh' ><img alt='http:\/\/Tipli%20jel\u00f6l\u0151%20t\u00fcske%20Bosh' class='' src='http:\/\/www.woodtools.hu\/wp-content\/uploads\/tipli-jel\u0151l\u0151-t\u00fcske-150x150.jpg' style='' \/><\/a>\n\t            <\/div>\n                <div class='postimage-title' style=''>\n                    <a style='' href=http:\/\/www.woodtools.hu\/wt\/egyebek\/tipli-jelolo-tuske\/ title=&#039;Tipli jel\u00f6l\u0151 t\u00fcske Bosh&#039; >Tipli jel\u00f6l\u0151 t\u00fcske Bosh<\/a>\n\t            <\/div>\n            <\/div><div data-postid=392 class='griditemleft' style=''>\n                <div class='postimage' style=''>\n                    <a href=http:\/\/www.woodtools.hu\/wt\/egyebek\/kotelem-fatipli\/ title='K\u00f6telem fatipli' ><img alt='http:\/\/K\u00f6telem%20fatipli' class='' src='http:\/\/www.woodtools.hu\/wp-content\/uploads\/fatipli-150x137.jpg' style='' \/><\/a>\n\t            <\/div>\n                <div class='postimage-title' style=''>\n                    <a style='' href=http:\/\/www.woodtools.hu\/wt\/egyebek\/kotelem-fatipli\/ title=&#039;K\u00f6telem fatipli&#039; >K\u00f6telem fatipli<\/a>\n\t            <\/div>\n            <\/div><div data-postid=604 class='griditemleft' style=''>\n                <div class='postimage' style=''>\n                    <a href=http:\/\/www.woodtools.hu\/wt\/egyebek\/gocsfolt-hajocska-minispot\/ title='G\u00f6csfolt , haj\u00f3cska \/ minispot \/' ><img alt='http:\/\/G\u00f6csfolt%20,%20haj\u00f3cska%20\/%20minispot%20\/' class='' src='http:\/\/www.woodtools.hu\/wp-content\/uploads\/g\u00f6csfolt-150x150.jpg' style='' \/><\/a>\n\t            <\/div>\n                <div class='postimage-title' style=''>\n                    <a style='' href=http:\/\/www.woodtools.hu\/wt\/egyebek\/gocsfolt-hajocska-minispot\/ title=&#039;G\u00f6csfolt , haj\u00f3cska \/ minispot \/&#039; >G\u00f6csfolt , haj\u00f3cska \/ minispot \/<\/a>\n\t            <\/div>\n            <\/div><div data-postid=390 class='griditemleft' style=''>\n                <div class='postimage' style=''>\n                    <a href=http:\/\/www.woodtools.hu\/wt\/egyebek\/kotelem-lammelo\/ title='K\u00f6telem Lammel\u00f3' ><img alt='http:\/\/K\u00f6telem%20Lammel\u00f3' class='' src='http:\/\/www.woodtools.hu\/wp-content\/uploads\/lamell\u00f3-150x150.jpg' style='' \/><\/a>\n\t            <\/div>\n                <div class='postimage-title' style=''>\n                    <a style='' href=http:\/\/www.woodtools.hu\/wt\/egyebek\/kotelem-lammelo\/ title=&#039;K\u00f6telem Lammel\u00f3&#039; >K\u00f6telem Lammel\u00f3<\/a>\n\t            <\/div>\n            <\/div><div data-postid=383 class='griditemleft' style=''>\n                <div class='postimage' style=''>\n                    <a href=http:\/\/www.woodtools.hu\/wt\/egyebek\/golyos-gorgos-bak\/ title='Goly\u00f3s &#8211; g\u00f6rg\u0151s bak' ><img alt='http:\/\/Goly\u00f3s%20&#8211;%20g\u00f6rg\u0151s%20bak' class='' src='http:\/\/www.woodtools.hu\/wp-content\/uploads\/bak-150x150.jpg' style='' \/><\/a>\n\t            <\/div>\n                <div class='postimage-title' style=''>\n                    <a style='' href=http:\/\/www.woodtools.hu\/wt\/egyebek\/golyos-gorgos-bak\/ title=&#039;Goly\u00f3s &#8211; g\u00f6rg\u0151s bak&#039; >Goly\u00f3s &#8211; g\u00f6rg\u0151s bak<\/a>\n\t            <\/div>\n            <\/div><div data-postid=148 class='griditemleft' style=''>\n                <div class='postimage' style=''>\n                    <a href=http:\/\/www.woodtools.hu\/wt\/egyebek\/dugofuro-szett\/ title='Dug\u00f3f\u00far\u00f3 szett' ><img alt='http:\/\/Dug\u00f3f\u00far\u00f3%20szett' class='' src='http:\/\/www.woodtools.hu\/wp-content\/uploads\/dug\u00f3f.-150x150.jpg' style='' \/><\/a>\n\t            <\/div>\n                <div class='postimage-title' style=''>\n                    <a style='' href=http:\/\/www.woodtools.hu\/wt\/egyebek\/dugofuro-szett\/ title=&#039;Dug\u00f3f\u00far\u00f3 szett&#039; >Dug\u00f3f\u00far\u00f3 szett<\/a>\n\t            <\/div>\n            <\/div><div data-postid=143 class='griditemleft' style=''>\n                <div class='postimage' style=''>\n                    <a href=http:\/\/www.woodtools.hu\/wt\/egyebek\/gyalukes-beallito\/ title='Gyaluk\u00e9s be\u00e1ll\u00edt\u00f3' ><img alt='http:\/\/Gyaluk\u00e9s%20be\u00e1ll\u00edt\u00f3' class='' src='http:\/\/www.woodtools.hu\/wp-content\/uploads\/gyaluk2.jpg' style='' \/><\/a>\n\t            <\/div>\n                <div class='postimage-title' style=''>\n                    <a style='' href=http:\/\/www.woodtools.hu\/wt\/egyebek\/gyalukes-beallito\/ title=&#039;Gyaluk\u00e9s be\u00e1ll\u00edt\u00f3&#039; >Gyaluk\u00e9s be\u00e1ll\u00edt\u00f3<\/a>\n\t            <\/div>\n            <\/div><\/div><!--thumbnailgridcontainer-->\n        \n        <\/div><!--thumbnailblock--><\/span><\/p>\n","protected":false},"excerpt":{"rendered":"","protected":false},"author":1,"featured_media":0,"parent":0,"menu_order":5,"comment_status":"closed","ping_status":"closed","template":"","meta":{"footnotes":""},"class_list":["post-97","page","type-page","status-publish","hentry","has-post-thumbnail"],"aioseo_notices":[],"_links":{"self":[{"href":"http:\/\/www.woodtools.hu\/wt\/wp-json\/wp\/v2\/pages\/97","targetHints":{"allow":["GET"]}}],"collection":[{"href":"http:\/\/www.woodtools.hu\/wt\/wp-json\/wp\/v2\/pages"}],"about":[{"href":"http:\/\/www.woodtools.hu\/wt\/wp-json\/wp\/v2\/types\/page"}],"author":[{"embeddable":true,"href":"http:\/\/www.woodtools.hu\/wt\/wp-json\/wp\/v2\/users\/1"}],"replies":[{"embeddable":true,"href":"http:\/\/www.woodtools.hu\/wt\/wp-json\/wp\/v2\/comments?post=97"}],"version-history":[{"count":7,"href":"http:\/\/www.woodtools.hu\/wt\/wp-json\/wp\/v2\/pages\/97\/revisions"}],"predecessor-version":[{"id":402,"href":"http:\/\/www.woodtools.hu\/wt\/wp-json\/wp\/v2\/pages\/97\/revisions\/402"}],"wp:attachment":[{"href":"http:\/\/www.woodtools.hu\/wt\/wp-json\/wp\/v2\/media?parent=97"}],"curies":[{"name":"wp","href":"https:\/\/api.w.org\/{rel}","templated":true}]}}