{"id":8,"date":"2014-05-29T10:21:56","date_gmt":"2014-05-29T08:21:56","guid":{"rendered":"http:\/\/www.woodtools.hu\/?page_id=8"},"modified":"2020-07-13T19:44:11","modified_gmt":"2020-07-13T17:44:11","slug":"udvozlo-mintaoldal","status":"publish","type":"page","link":"http:\/\/www.woodtools.hu\/wt\/","title":{"rendered":"\u00dcdv\u00f6z\u00f6lj\u00fck weboldalunkon!"},"content":{"rendered":"\n<!-- Page-list plugin v.5.7 wordpress.org\/plugins\/page-list\/ -->\n<ul class=\"page-list \">\n<li class=\"page_item page-item-58\"><a href=\"http:\/\/www.woodtools.hu\/wt\/felsomarokesek\/\">Fels\u0151mar\u00f3k\u00e9sek<\/a><\/li>\n<li class=\"page_item page-item-1195\"><a href=\"http:\/\/www.woodtools.hu\/wt\/cserelheto-lapkas-felsomaro-kesek\/\">Olasz Cser\u00e9lhet\u0151 lapk\u00e1s Fels\u0151mar\u00f3 k\u00e9sek<\/a><\/li>\n<li class=\"page_item page-item-91\"><a href=\"http:\/\/www.woodtools.hu\/wt\/csiszolastechnika\/\">Csiszol\u00e1stechnika<\/a><\/li>\n<li class=\"page_item page-item-104\"><a href=\"http:\/\/www.woodtools.hu\/wt\/szoritastechnika\/\">Szor\u00edt\u00e1stechnika<\/a><\/li>\n<li class=\"page_item page-item-97\"><a href=\"http:\/\/www.woodtools.hu\/wt\/egyebek\/\">Egyebek<\/a><\/li>\n<li class=\"page_item page-item-77\"><a href=\"http:\/\/www.woodtools.hu\/wt\/elszivocso\/\">Elsz\u00edv\u00f3cs\u0151<\/a><\/li>\n<li class=\"page_item page-item-410\"><a href=\"http:\/\/www.woodtools.hu\/wt\/asztali-marokesek\/\">Asztali mar\u00f3k\u00e9sek<\/a><\/li>\n<li class=\"page_item page-item-1007\"><a href=\"http:\/\/www.woodtools.hu\/wt\/lamella\/\">Lamella<\/a><\/li>\n<li class=\"page_item page-item-997\"><a href=\"http:\/\/www.woodtools.hu\/wt\/korfureszlapok\/\">K\u00f6rf\u0171r\u00e9szlapok<\/a><\/li>\n<li class=\"page_item page-item-989\"><a href=\"http:\/\/www.woodtools.hu\/wt\/gyalukesek-cserelapkak\/\">Gyaluk\u00e9sek , cserelapk\u00e1k<\/a><\/li>\n\n<\/ul>\n<p>Sz\u00edves figyelm\u00fckbe aj\u00e1nljuk c\u00e9g\u00fcnket, a<strong>\u00a0<\/strong><em><strong>Wood-Tools Kft<\/strong>-t: honlapunkon sz\u00e9les v\u00e1laszt\u00e9kban k\u00edn\u00e1lunk k\u00fcl\u00f6nf\u00e9le<strong> asztalosipari\u00a0<\/strong>, <strong>csiszol\u00e1stechnikai<\/strong><\/em><strong>\u00a0<\/strong> term\u00e9keket\u00a0<i>,<\/i><strong style=\"font-style: italic;\"><br \/>\nfels\u0151mar\u00f3k\u00e9seket<\/strong><i> . : Forgalmaz\u00f3 c\u00e9g aj\u00e1nl\u00e1s\u00e1val\u00a0<\/i><br \/>\n<span style=\"font-style: normal; color: #000000;\">We are the manufacturer of router bits with professional quality, we have been in this business more than 16 years, with the constant high quality and the competitive price, our products are being more and more well recognized and accepted by the merchandisers from the professional market in world.\u00a0 We promise our factory only manufacture the real professional quality router bits, even some customers asked us to make some low quality items specially for them, we said it\u2019s impossible to produce, as our current materials and machines are only used to make professional quality products and we also have no plan to produce low quality products .<\/span><br \/>\n<i>Ford\u00edt\u00e1s:<\/i><br \/>\n<span style=\"color: #222222;\">Mi egy olyan\u00a0professzion\u00e1lis\u00a0min\u0151s\u00e9g\u0171\u00a0fels\u0151mar\u00f3\u00a0k\u00e9s\u00a0gy\u00e1rtok\u00a0vagyunk \u00a0 \u00a0 \u00a0,akik\u00a0t\u00f6bb\u00a0mint 16\u00a0\u00e9ve\u00a0jelen vannak ebben az\u00a0\u00fczlet\u00e1gban\u00a0\u00e1lland\u00f3\u00a0magas\u00a0min\u0151s\u00e9ggel\u00a0\u00e9s\u00a0versenyk\u00e9pes\u00a0\u00e1rral\u00a0.<br \/>\nTerm\u00e9keinket\u00a0a\u00a0vil\u00e1gon, szakmai piacon egyre jobban elismerik\u00a0\u00e9s\u00a0elfogadjak \u00a0Mi\u00a0\u00edg\u00e9rj\u00fck\u00a0hogy\u00a0gy\u00e1runk\u00a0csak\u00a0val\u00f3di\u00a0kit\u0171n\u0151\u00a0min\u0151s\u00e9g\u0171<br \/>\nf\u00e9ls\u0151mar\u00f3\u00a0k\u00e9st\u00a0gy\u00e1rt,annak\u00a0ellen\u00e9re\u00a0hogy\u00a0n\u00e9h\u00e1ny\u00a0vev\u0151\u00a0arra kert\u00a0minket\u00a0gy\u00e1rtsunk\u00a0sz\u00e1mukra\u00a0alacsony\u00a0min\u0151s\u00e9g\u0171\u00a0termeket<br \/>\nkimondottan\u00a0csak nekik.Mi azt felelt\u00fck, hogy lehetetlen el\u0151\u00e1ll\u00edtani, a mi anyagunkkal \u00e9s g\u00e9peinkkel csak teljes mertekben professzion\u00e1lis min\u0151s\u00e9g\u0171 term\u00e9keket tudunk el\u0151\u00e1ll\u00edtani. Nem tervezz\u00fck a gyenge min\u0151s\u00e9g\u0171 szersz\u00e1mok gy\u00e1rt\u00e1s\u00e1t.<\/span><\/p>\n<p><em>Lehet ak\u00e1r hobbic\u00e9l\u00fa vagy ak\u00e1r ipari jelleg\u0171 az ig\u00e9ny, rendszeresen ellen\u0151rz\u00f6tt term\u00e9keink minden c\u00e9lnak megfelelnek .<\/em><\/p>\n<p class=\"NoSpacing\"><em>R\u00f6vid \u00edzel\u00edt\u0151 a k\u00edn\u00e1latunkb\u00f3l:<strong> mar\u00f3k\u00e9sek, profilmar\u00f3k, n\u00fatmar\u00f3 t\u00e1rcs\u00e1k,\u00a0big\u00e9z\u0151k,\u00a0zenkol\u00f3k,\u00a0dug\u00f3f\u00far\u00f3,\u00a0gyaluk\u00e9s be\u00e1ll\u00edt\u00f3,\u00a0csiszol\u00f3 szivacs,\u00a0elsz\u00edv\u00f3cs\u0151,\u00a0<\/strong><\/em><\/p>\n<p class=\"NoSpacing\">Emellett egy akci\u00f3s aj\u00e1nlatot is tartogatunk a leend\u0151 viszontelad\u00f3ink sz\u00e1m\u00e1ra: a legels\u0151 nett\u00f3 100.000 Ft feletti rendel\u00e9s\u00fckn\u00e9l bemutat\u00f3 vitrint adunk aj\u00e1nd\u00e9kba!<\/p>\n","protected":false},"excerpt":{"rendered":"<p>Sz\u00edves figyelm\u00fckbe aj\u00e1nljuk c\u00e9g\u00fcnket, a\u00a0Wood-Tools Kft-t: honlapunkon sz\u00e9les v\u00e1laszt\u00e9kban k\u00edn\u00e1lunk k\u00fcl\u00f6nf\u00e9le asztalosipari\u00a0, csiszol\u00e1stechnikai\u00a0 term\u00e9keket\u00a0, fels\u0151mar\u00f3k\u00e9seket . : Forgalmaz\u00f3 c\u00e9g aj\u00e1nl\u00e1s\u00e1val\u00a0 We are the manufacturer of router bits with professional quality, we have been in this business more than 16 years, with the constant high quality and the competitive price, our products are being more and &hellip; <a href=\"http:\/\/www.woodtools.hu\/wt\/\" class=\"more-link\"><span class=\"screen-reader-text\">\u00dcdv\u00f6z\u00f6lj\u00fck weboldalunkon!<\/span> b\u0151vebben&#8230; <span class=\"meta-nav\">&rarr;<\/span><\/a><\/p>\n","protected":false},"author":1,"featured_media":0,"parent":0,"menu_order":0,"comment_status":"closed","ping_status":"closed","template":"","meta":{"footnotes":""},"class_list":["post-8","page","type-page","status-publish","hentry"],"aioseo_notices":[],"_links":{"self":[{"href":"http:\/\/www.woodtools.hu\/wt\/wp-json\/wp\/v2\/pages\/8","targetHints":{"allow":["GET"]}}],"collection":[{"href":"http:\/\/www.woodtools.hu\/wt\/wp-json\/wp\/v2\/pages"}],"about":[{"href":"http:\/\/www.woodtools.hu\/wt\/wp-json\/wp\/v2\/types\/page"}],"author":[{"embeddable":true,"href":"http:\/\/www.woodtools.hu\/wt\/wp-json\/wp\/v2\/users\/1"}],"replies":[{"embeddable":true,"href":"http:\/\/www.woodtools.hu\/wt\/wp-json\/wp\/v2\/comments?post=8"}],"version-history":[{"count":24,"href":"http:\/\/www.woodtools.hu\/wt\/wp-json\/wp\/v2\/pages\/8\/revisions"}],"predecessor-version":[{"id":1314,"href":"http:\/\/www.woodtools.hu\/wt\/wp-json\/wp\/v2\/pages\/8\/revisions\/1314"}],"wp:attachment":[{"href":"http:\/\/www.woodtools.hu\/wt\/wp-json\/wp\/v2\/media?parent=8"}],"curies":[{"name":"wp","href":"https:\/\/api.w.org\/{rel}","templated":true}]}}