{"id":77,"date":"2014-06-10T08:37:57","date_gmt":"2014-06-10T06:37:57","guid":{"rendered":"http:\/\/www.woodtools.hu\/?page_id=77"},"modified":"2023-02-13T13:15:49","modified_gmt":"2023-02-13T12:15:49","slug":"elszivocso","status":"publish","type":"page","link":"http:\/\/www.woodtools.hu\/wt\/elszivocso\/","title":{"rendered":"Elsz\u00edv\u00f3cs\u0151"},"content":{"rendered":"<p><span style=\"color: #444444;\"><img loading=\"lazy\" decoding=\"async\" class=\"alignnone size-thumbnail wp-image-115\" src=\"http:\/\/www.woodtools.hu\/wp-content\/uploads\/elsz\u00edv\u00f3cs\u0151-\u00e1tl\u00e1tsz\u00f3-150x150.jpg\" alt=\"\" width=\"150\" height=\"150\" srcset=\"http:\/\/www.woodtools.hu\/wp-content\/uploads\/elsz\u00edv\u00f3cs\u0151-\u00e1tl\u00e1tsz\u00f3-150x150.jpg 150w, http:\/\/www.woodtools.hu\/wp-content\/uploads\/elsz\u00edv\u00f3cs\u0151-\u00e1tl\u00e1tsz\u00f3.jpg 265w\" sizes=\"auto, (max-width: 150px) 100vw, 150px\" \/><img loading=\"lazy\" decoding=\"async\" class=\"alignnone size-thumbnail wp-image-526\" src=\"http:\/\/www.woodtools.hu\/wp-content\/uploads\/elsz\u00edv\u00f3cs\u0151-012-150x150.jpg\" alt=\"\" width=\"150\" height=\"150\" \/><\/span><\/p>\n<p>&nbsp;<\/p>\n<table style=\"height: 722px; width: 379px;\" width=\"226\">\n<tbody>\n<tr style=\"height: 48px;\">\n<td style=\"width: 134px; height: 48px;\"><\/td>\n<td style=\"width: 134px; height: 48px;\">\u00a0sz\u00fcrke<\/td>\n<td style=\"width: 89px; height: 48px;\">\u00e1tl\u00e1tsz\u00f3<\/td>\n<\/tr>\n<tr style=\"height: 24px;\">\n<td style=\"width: 134px; height: 24px;\">\u00e1tm\u00e9r\u0151<\/td>\n<td style=\"width: 134px; height: 24px;\">\u00e1r\/ fm<\/td>\n<td style=\"width: 89px; height: 24px;\">\u00a0\u00e1r\/fm<\/td>\n<\/tr>\n<tr style=\"height: 24px;\">\n<td style=\"width: 134px; height: 24px;\">50<\/td>\n<td style=\"width: 134px; height: 24px;\"><span style=\"color: #ff0000;\">2605-<\/span><\/td>\n<td style=\"width: 89px; height: 24px;\"><span style=\"color: #ff0000;\">2825-<\/span><\/td>\n<\/tr>\n<tr style=\"height: 24px;\">\n<td style=\"width: 134px; height: 24px;\">60<\/td>\n<td style=\"width: 134px; height: 24px;\"><span style=\"color: #ff0000;\">2845-<\/span><\/td>\n<td style=\"width: 89px; height: 24px;\"><span style=\"color: #ff0000;\">3265-<\/span><\/td>\n<\/tr>\n<tr style=\"height: 24px;\">\n<td style=\"width: 134px; height: 24px;\">70<\/td>\n<td style=\"width: 134px; height: 24px;\"><span style=\"color: #ff0000;\">3270-<\/span><\/td>\n<td style=\"width: 89px; height: 24px;\"><span style=\"color: #ff0000;\">2645-<\/span><\/td>\n<\/tr>\n<tr style=\"height: 24px;\">\n<td style=\"width: 134px; height: 24px;\">75<\/td>\n<td style=\"width: 134px; height: 24px;\"><span style=\"color: #ff0000;\">3410-<\/span><\/td>\n<td style=\"width: 89px; height: 24px;\"><span style=\"color: #ff0000;\">3870-<\/span><\/td>\n<\/tr>\n<tr style=\"height: 24px;\">\n<td style=\"width: 134px; height: 24px;\">80<\/td>\n<td style=\"width: 134px; height: 24px;\"><span style=\"color: #ff0000;\">3685-<\/span><\/td>\n<td style=\"width: 89px; height: 24px;\"><span style=\"color: #ff0000;\">4225-<\/span><\/td>\n<\/tr>\n<tr style=\"height: 24px;\">\n<td style=\"width: 134px; height: 24px;\">90<\/td>\n<td style=\"width: 134px; height: 24px;\"><span style=\"color: #ff0000;\">3925-<\/span><\/td>\n<td style=\"width: 89px; height: 24px;\"><span style=\"color: #ff0000;\">4475-<\/span><\/td>\n<\/tr>\n<tr style=\"height: 24px;\">\n<td style=\"width: 134px; height: 24px;\">100<\/td>\n<td style=\"width: 134px; height: 24px;\">4155-<\/td>\n<td style=\"width: 89px; height: 24px;\">4735-<\/td>\n<\/tr>\n<tr style=\"height: 24px;\">\n<td style=\"width: 134px; height: 24px;\">110<\/td>\n<td style=\"width: 134px; height: 24px;\"><span style=\"color: #ff0000;\">4380-<\/span><\/td>\n<td style=\"width: 89px; height: 24px;\"><span style=\"color: #ff0000;\">5095-<br \/>\n<\/span><\/td>\n<\/tr>\n<tr style=\"height: 24px;\">\n<td style=\"width: 134px; height: 24px;\">120<\/td>\n<td style=\"width: 134px; height: 24px;\"><span style=\"color: #ff0000;\">5045-<\/span><\/td>\n<td style=\"width: 89px; height: 24px;\"><span style=\"color: #ff0000;\">5730-<\/span><\/td>\n<\/tr>\n<tr style=\"height: 24px;\">\n<td style=\"width: 134px; height: 24px;\">125<\/td>\n<td style=\"width: 134px; height: 24px;\"><span style=\"color: #ff0000;\">5250-<\/span><\/td>\n<td style=\"width: 89px; height: 24px;\"><span style=\"color: #ff0000;\">5990-<\/span><\/td>\n<\/tr>\n<tr style=\"height: 24px;\">\n<td style=\"width: 134px; height: 24px;\">140<\/td>\n<td style=\"width: 134px; height: 24px;\"><span style=\"color: #ff0000;\">6345-<\/span><\/td>\n<td style=\"width: 89px; height: 24px;\"><span style=\"color: #ff0000;\">7120-<\/span><\/td>\n<\/tr>\n<tr style=\"height: 24px;\">\n<td style=\"width: 134px; height: 24px;\">150<\/td>\n<td style=\"width: 134px; height: 24px;\"><span style=\"color: #ff0000;\">7075-<\/span><\/td>\n<td style=\"width: 89px; height: 24px;\"><span style=\"color: #ff0000;\">7970-<\/span><\/td>\n<\/tr>\n<tr style=\"height: 24px;\">\n<td style=\"width: 134px; height: 24px;\">160<\/td>\n<td style=\"width: 134px; height: 24px;\"><span style=\"color: #ff0000;\">7460-<\/span><\/td>\n<td style=\"width: 89px; height: 24px;\"><span style=\"color: #ff0000;\">8450-<\/span><\/td>\n<\/tr>\n<tr style=\"height: 24px;\">\n<td style=\"width: 134px; height: 24px;\">180<\/td>\n<td style=\"width: 134px; height: 24px;\"><span style=\"color: #ff0000;\">8570-<\/span><\/td>\n<td style=\"width: 89px; height: 24px;\"><span style=\"color: #ff0000;\">9890-<\/span><\/td>\n<\/tr>\n<tr style=\"height: 24px;\">\n<td style=\"width: 134px; height: 24px;\">200<\/td>\n<td style=\"width: 134px; height: 24px;\"><span style=\"color: #ff0000;\">10,515-<\/span><\/td>\n<td style=\"width: 89px; height: 24px;\"><span style=\"color: #ff0000;\">11,970-<\/span><\/td>\n<\/tr>\n<tr style=\"height: 24px;\">\n<td style=\"width: 134px; height: 24px;\">250<\/td>\n<td style=\"width: 134px; height: 24px;\"><span style=\"color: #ff0000;\">14,255-<\/span><\/td>\n<td style=\"width: 89px; height: 24px;\"><span style=\"color: #ff0000;\">17,221-<\/span><\/td>\n<\/tr>\n<tr style=\"height: 24px;\">\n<td style=\"width: 134px; height: 24px;\">315<\/td>\n<td style=\"width: 134px; height: 24px;\"><span style=\"color: #ff0000;\">18,965-<\/span><\/td>\n<td style=\"width: 89px; height: 24px;\"><span style=\"color: #ff0000;\">20,015-<\/span><\/td>\n<\/tr>\n<tr style=\"height: 10px;\">\n<td style=\"width: 134px; height: 10px;\"><\/td>\n<td style=\"width: 134px; height: 10px;\"><\/td>\n<td style=\"width: 89px; height: 10px;\"><\/td>\n<\/tr>\n<\/tbody>\n<\/table>\n<p>Az \u00e1rak forintban \u00e9rtend\u0151k a 27%\u00e1fa \u00f6sszeg\u00e9t tartalmazza .<\/p>\n","protected":false},"excerpt":{"rendered":"<p>&nbsp; \u00a0sz\u00fcrke \u00e1tl\u00e1tsz\u00f3 \u00e1tm\u00e9r\u0151 \u00e1r\/ fm \u00a0\u00e1r\/fm 50 2605- 2825- 60 2845- 3265- 70 3270- 2645- 75 3410- 3870- 80 3685- 4225- 90 3925- 4475- 100 4155- 4735- 110 4380- 5095- 120 5045- 5730- 125 5250- 5990- 140 6345- 7120- 150 7075- 7970- 160 7460- 8450- 180 8570- 9890- 200 10,515- 11,970- 250 14,255- 17,221- &hellip; <a href=\"http:\/\/www.woodtools.hu\/wt\/elszivocso\/\" class=\"more-link\"><span class=\"screen-reader-text\">Elsz\u00edv\u00f3cs\u0151<\/span> b\u0151vebben&#8230; <span class=\"meta-nav\">&rarr;<\/span><\/a><\/p>\n","protected":false},"author":1,"featured_media":527,"parent":0,"menu_order":5,"comment_status":"closed","ping_status":"closed","template":"","meta":{"footnotes":""},"class_list":["post-77","page","type-page","status-publish","has-post-thumbnail","hentry"],"aioseo_notices":[],"_links":{"self":[{"href":"http:\/\/www.woodtools.hu\/wt\/wp-json\/wp\/v2\/pages\/77","targetHints":{"allow":["GET"]}}],"collection":[{"href":"http:\/\/www.woodtools.hu\/wt\/wp-json\/wp\/v2\/pages"}],"about":[{"href":"http:\/\/www.woodtools.hu\/wt\/wp-json\/wp\/v2\/types\/page"}],"author":[{"embeddable":true,"href":"http:\/\/www.woodtools.hu\/wt\/wp-json\/wp\/v2\/users\/1"}],"replies":[{"embeddable":true,"href":"http:\/\/www.woodtools.hu\/wt\/wp-json\/wp\/v2\/comments?post=77"}],"version-history":[{"count":24,"href":"http:\/\/www.woodtools.hu\/wt\/wp-json\/wp\/v2\/pages\/77\/revisions"}],"predecessor-version":[{"id":1478,"href":"http:\/\/www.woodtools.hu\/wt\/wp-json\/wp\/v2\/pages\/77\/revisions\/1478"}],"wp:featuredmedia":[{"embeddable":true,"href":"http:\/\/www.woodtools.hu\/wt\/wp-json\/wp\/v2\/media\/527"}],"wp:attachment":[{"href":"http:\/\/www.woodtools.hu\/wt\/wp-json\/wp\/v2\/media?parent=77"}],"curies":[{"name":"wp","href":"https:\/\/api.w.org\/{rel}","templated":true}]}}