{"id":410,"date":"2014-06-05T09:32:27","date_gmt":"2014-06-05T07:32:27","guid":{"rendered":"http:\/\/www.woodtools.hu\/wt\/?page_id=410"},"modified":"2017-10-09T17:41:37","modified_gmt":"2017-10-09T15:41:37","slug":"asztali-marokesek","status":"publish","type":"page","link":"http:\/\/www.woodtools.hu\/wt\/asztali-marokesek\/","title":{"rendered":"Asztali mar\u00f3k\u00e9sek"},"content":{"rendered":"<p>&nbsp;<\/p>\n<p>&nbsp;<br \/>\n<span style=\"color: #444444;\"><div class='thumbnailblock'><div id='thumbnailgridcontainer' class='thumbnailgridcontainer tbdgrd_410 responsive-grid' style=''><div data-postid=1155 class='griditemleft' style=''>\n                <div class='postimage' style=''>\n                    <a href=http:\/\/www.woodtools.hu\/wt\/asztali-maro\/univerzalis-marofej-lapkak\/ title='Univerz\u00e1lis mar\u00f3fej + lapk\u00e1k' ><img alt='http:\/\/Univerz\u00e1lis%20mar\u00f3fej%20+%20lapk\u00e1k' class='' src='http:\/\/www.woodtools.hu\/wp-content\/uploads\/flury-mar\u00f3fej-150x150.jpg' style='' \/><\/a>\n\t            <\/div>\n                <div class='postimage-title' style=''>\n                    <a style='' href=http:\/\/www.woodtools.hu\/wt\/asztali-maro\/univerzalis-marofej-lapkak\/ title=&#039;Univerz\u00e1lis mar\u00f3fej + lapk\u00e1k&#039; >Univerz\u00e1lis mar\u00f3fej + lapk\u00e1k<\/a>\n\t            <\/div>\n            <\/div><div data-postid=493 class='griditemleft' style=''>\n                <div class='postimage' style=''>\n                    <a href=http:\/\/www.woodtools.hu\/wt\/asztali-maro\/forrasztottlapkas-szelessegtoldo-maroszerszam-hm-es-hss-kivitelben\/ title='Forrasztottlapk\u00e1s sz\u00e9less\u00e9gtold\u00f3 mar\u00f3szersz\u00e1m HM \u00e9s HSS kivitelben' ><img alt='http:\/\/Forrasztottlapk\u00e1s%20sz\u00e9less\u00e9gtold\u00f3%20mar\u00f3szersz\u00e1m%20HM%20\u00e9s%20HSS%20kivitelben' class='' src='http:\/\/www.woodtools.hu\/wp-content\/uploads\/big\u00e9z\u0151-vidi\u00e1s-150x150.jpg' style='' \/><\/a>\n\t            <\/div>\n                <div class='postimage-title' style=''>\n                    <a style='' href=http:\/\/www.woodtools.hu\/wt\/asztali-maro\/forrasztottlapkas-szelessegtoldo-maroszerszam-hm-es-hss-kivitelben\/ title=&#039;Forrasztottlapk\u00e1s sz\u00e9less\u00e9gtold\u00f3 mar\u00f3szersz\u00e1m HM \u00e9s HSS kivitelben&#039; >Forrasztottlapk\u00e1s sz\u00e9less\u00e9gtold\u00f3 mar\u00f3szersz\u00e1m HM \u00e9s HSS kivitelben<\/a>\n\t            <\/div>\n            <\/div><div data-postid=487 class='griditemleft' style=''>\n                <div class='postimage' style=''>\n                    <a href=http:\/\/www.woodtools.hu\/wt\/asztali-maro\/valtolapkas-szelessegtoldo-maroszerszam\/ title='V\u00e1lt\u00f3lapk\u00e1s sz\u00e9less\u00e9gtold\u00f3 mar\u00f3szersz\u00e1m' ><img alt='http:\/\/V\u00e1lt\u00f3lapk\u00e1s%20sz\u00e9less\u00e9gtold\u00f3%20mar\u00f3szersz\u00e1m' class='' src='http:\/\/www.woodtools.hu\/wp-content\/uploads\/Big\u00e9z\u0151-v\u00e1l\u00f3l.-150x150.jpg' style='' \/><\/a>\n\t            <\/div>\n                <div class='postimage-title' style=''>\n                    <a style='' href=http:\/\/www.woodtools.hu\/wt\/asztali-maro\/valtolapkas-szelessegtoldo-maroszerszam\/ title=&#039;V\u00e1lt\u00f3lapk\u00e1s sz\u00e9less\u00e9gtold\u00f3 mar\u00f3szersz\u00e1m&#039; >V\u00e1lt\u00f3lapk\u00e1s sz\u00e9less\u00e9gtold\u00f3 mar\u00f3szersz\u00e1m<\/a>\n\t            <\/div>\n            <\/div><div data-postid=481 class='griditemleft' style=''>\n                <div class='postimage' style=''>\n                    <a href=http:\/\/www.woodtools.hu\/wt\/asztali-maro\/forrasztottlapkas-felkormaro-hm-es-hss-kivitelben\/ title='Forrasztottlapk\u00e1s f\u00e9lk\u00f6rmar\u00f3 HM \u00e9s HSS kivitelben' ><img alt='http:\/\/Forrasztottlapk\u00e1s%20f\u00e9lk\u00f6rmar\u00f3%20HM%20\u00e9s%20HSS%20kivitelben' class='' src='http:\/\/www.woodtools.hu\/wp-content\/uploads\/f\u00e9lk\u00f6r-3--150x150.jpg' style='' \/><\/a>\n\t            <\/div>\n                <div class='postimage-title' style=''>\n                    <a style='' href=http:\/\/www.woodtools.hu\/wt\/asztali-maro\/forrasztottlapkas-felkormaro-hm-es-hss-kivitelben\/ title=&#039;Forrasztottlapk\u00e1s f\u00e9lk\u00f6rmar\u00f3 HM \u00e9s HSS kivitelben&#039; >Forrasztottlapk\u00e1s f\u00e9lk\u00f6rmar\u00f3 HM \u00e9s HSS kivitelben<\/a>\n\t            <\/div>\n            <\/div><div data-postid=477 class='griditemleft' style=''>\n                <div class='postimage' style=''>\n                    <a href=http:\/\/www.woodtools.hu\/wt\/asztali-maro\/vidias-felkor-marok\/ title='V\u00eddi\u00e1s f\u00e9lk\u00f6r mar\u00f3k' ><img alt='http:\/\/V\u00eddi\u00e1s%20f\u00e9lk\u00f6r%20mar\u00f3k' class='' src='http:\/\/www.woodtools.hu\/wp-content\/uploads\/f\u00e9lk\u00f6r-150x150.jpg' style='' \/><\/a>\n\t            <\/div>\n                <div class='postimage-title' style=''>\n                    <a style='' href=http:\/\/www.woodtools.hu\/wt\/asztali-maro\/vidias-felkor-marok\/ title=&#039;V\u00eddi\u00e1s f\u00e9lk\u00f6r mar\u00f3k&#039; >V\u00eddi\u00e1s f\u00e9lk\u00f6r mar\u00f3k<\/a>\n\t            <\/div>\n            <\/div><div data-postid=472 class='griditemleft' style=''>\n                <div class='postimage' style=''>\n                    <a href=http:\/\/www.woodtools.hu\/wt\/asztali-maro\/forrasztott-lapkas-valtolapkas-negyedkor-maroszerszam-hm-es-hss-kivitelben\/ title='Forrasztott lapk\u00e1s, v\u00e1lt\u00f3lapk\u00e1s negyedk\u00f6r mar\u00f3szersz\u00e1m HM \u00e9s HSS kivitelben' ><img alt='http:\/\/Forrasztott%20lapk\u00e1s,%20v\u00e1lt\u00f3lapk\u00e1s%20negyedk\u00f6r%20mar\u00f3szersz\u00e1m%20HM%20\u00e9s%20HSS%20kivitelben' class='' src='http:\/\/www.woodtools.hu\/wp-content\/uploads\/R\u00e1diusz-150x150.jpg' style='' \/><\/a>\n\t            <\/div>\n                <div class='postimage-title' style=''>\n                    <a style='' href=http:\/\/www.woodtools.hu\/wt\/asztali-maro\/forrasztott-lapkas-valtolapkas-negyedkor-maroszerszam-hm-es-hss-kivitelben\/ title=&#039;Forrasztott lapk\u00e1s, v\u00e1lt\u00f3lapk\u00e1s negyedk\u00f6r mar\u00f3szersz\u00e1m HM \u00e9s HSS kivitelben&#039; >Forrasztott lapk\u00e1s, v\u00e1lt\u00f3lapk\u00e1s negyedk\u00f6r mar\u00f3szersz\u00e1m HM \u00e9s HSS kivitelben<\/a>\n\t            <\/div>\n            <\/div><div data-postid=455 class='griditemleft' style=''>\n                <div class='postimage' style=''>\n                    <a href=http:\/\/www.woodtools.hu\/wt\/asztali-maro\/kontraprofil-es-platolomaro-keszlet\/ title='Kontraprofil \u00e9s platol\u00f3mar\u00f3 k\u00e9szlet' ><img alt='http:\/\/Kontraprofil%20\u00e9s%20platol\u00f3mar\u00f3%20k\u00e9szlet' class='' src='http:\/\/www.woodtools.hu\/wp-content\/uploads\/kontra-platt-szett-150x150.jpg' style='' \/><\/a>\n\t            <\/div>\n                <div class='postimage-title' style=''>\n                    <a style='' href=http:\/\/www.woodtools.hu\/wt\/asztali-maro\/kontraprofil-es-platolomaro-keszlet\/ title=&#039;Kontraprofil \u00e9s platol\u00f3mar\u00f3 k\u00e9szlet&#039; >Kontraprofil \u00e9s platol\u00f3mar\u00f3 k\u00e9szlet<\/a>\n\t            <\/div>\n            <\/div><div data-postid=451 class='griditemleft' style=''>\n                <div class='postimage' style=''>\n                    <a href=http:\/\/www.woodtools.hu\/wt\/asztali-maro\/valtolapkas-keretosszeepito-kontraprofil-maroszerszam\/ title='V\u00e1lt\u00f3lapk\u00e1s keret\u00f6ssze\u00e9p\u00edt\u0151 (kontraprofil) mar\u00f3szersz\u00e1m' ><img alt='http:\/\/V\u00e1lt\u00f3lapk\u00e1s%20keret\u00f6ssze\u00e9p\u00edt\u0151%20(kontraprofil)%20mar\u00f3szersz\u00e1m' class='' src='http:\/\/www.woodtools.hu\/wp-content\/uploads\/Kontra-113-60-150x150.jpg' style='' \/><\/a>\n\t            <\/div>\n                <div class='postimage-title' style=''>\n                    <a style='' href=http:\/\/www.woodtools.hu\/wt\/asztali-maro\/valtolapkas-keretosszeepito-kontraprofil-maroszerszam\/ title=&#039;V\u00e1lt\u00f3lapk\u00e1s keret\u00f6ssze\u00e9p\u00edt\u0151 (kontraprofil) mar\u00f3szersz\u00e1m&#039; >V\u00e1lt\u00f3lapk\u00e1s keret\u00f6ssze\u00e9p\u00edt\u0151 (kontraprofil) mar\u00f3szersz\u00e1m<\/a>\n\t            <\/div>\n            <\/div><div data-postid=447 class='griditemleft' style=''>\n                <div class='postimage' style=''>\n                    <a href=http:\/\/www.woodtools.hu\/wt\/asztali-maro\/valtolapkas-4-keses-platolomaro-szerszam\/ title='V\u00e1lt\u00f3lapk\u00e1s 4 k\u00e9ses platol\u00f3mar\u00f3 szersz\u00e1m' ><img alt='http:\/\/V\u00e1lt\u00f3lapk\u00e1s%204%20k\u00e9ses%20platol\u00f3mar\u00f3%20szersz\u00e1m' class='' src='http:\/\/www.woodtools.hu\/wp-content\/uploads\/platt-113-25-150x150.jpg' style='' \/><\/a>\n\t            <\/div>\n                <div class='postimage-title' style=''>\n                    <a style='' href=http:\/\/www.woodtools.hu\/wt\/asztali-maro\/valtolapkas-4-keses-platolomaro-szerszam\/ title=&#039;V\u00e1lt\u00f3lapk\u00e1s 4 k\u00e9ses platol\u00f3mar\u00f3 szersz\u00e1m&#039; >V\u00e1lt\u00f3lapk\u00e1s 4 k\u00e9ses platol\u00f3mar\u00f3 szersz\u00e1m<\/a>\n\t            <\/div>\n            <\/div><div data-postid=444 class='griditemleft' style=''>\n                <div class='postimage' style=''>\n                    <a href=http:\/\/www.woodtools.hu\/wt\/asztali-maro\/valtolapkas-platolomaro-szerszam\/ title='V\u00e1lt\u00f3lapk\u00e1s platol\u00f3mar\u00f3 szersz\u00e1m' ><img alt='http:\/\/V\u00e1lt\u00f3lapk\u00e1s%20platol\u00f3mar\u00f3%20szersz\u00e1m' class='' src='http:\/\/www.woodtools.hu\/wp-content\/uploads\/platt113-24-150x150.jpg' style='' \/><\/a>\n\t            <\/div>\n                <div class='postimage-title' style=''>\n                    <a style='' href=http:\/\/www.woodtools.hu\/wt\/asztali-maro\/valtolapkas-platolomaro-szerszam\/ title=&#039;V\u00e1lt\u00f3lapk\u00e1s platol\u00f3mar\u00f3 szersz\u00e1m&#039; >V\u00e1lt\u00f3lapk\u00e1s platol\u00f3mar\u00f3 szersz\u00e1m<\/a>\n\t            <\/div>\n            <\/div><div data-postid=459 class='griditemleft' style=''>\n                <div class='postimage' style=''>\n                    <a href=http:\/\/www.woodtools.hu\/wt\/asztali-maro\/forrasztottlapkas-platolomaro-hm-es-hss-kivitelben\/ title='Forrasztottlapk\u00e1s platol\u00f3mar\u00f3 HM \u00e9s HSS kivitelben' ><img alt='http:\/\/Forrasztottlapk\u00e1s%20platol\u00f3mar\u00f3%20HM%20\u00e9s%20HSS%20kivitelben' class='' src='http:\/\/www.woodtools.hu\/wp-content\/uploads\/platt-fix-lapk\u00e1s-112-24-150x150.jpg' style='' \/><\/a>\n\t            <\/div>\n                <div class='postimage-title' style=''>\n                    <a style='' href=http:\/\/www.woodtools.hu\/wt\/asztali-maro\/forrasztottlapkas-platolomaro-hm-es-hss-kivitelben\/ title=&#039;Forrasztottlapk\u00e1s platol\u00f3mar\u00f3 HM \u00e9s HSS kivitelben&#039; >Forrasztottlapk\u00e1s platol\u00f3mar\u00f3 HM \u00e9s HSS kivitelben<\/a>\n\t            <\/div>\n            <\/div><div data-postid=442 class='griditemleft' style=''>\n                <div class='postimage' style=''>\n                    <a href=http:\/\/www.woodtools.hu\/wt\/asztali-maro\/falcmaro-cserelheto-lapkas-dontott-keses\/ title='Falcmar\u00f3 cser\u00e9lhet\u0151 lapk\u00e1s d\u00f6nt\u00f6tt k\u00e9ses' ><img alt='http:\/\/Falcmar\u00f3%20cser\u00e9lhet\u0151%20lapk\u00e1s%20d\u00f6nt\u00f6tt%20k\u00e9ses' class='' src='http:\/\/www.woodtools.hu\/wp-content\/uploads\/falc-d\u00f6nt\u00f6tt-113-03-150x150.jpg' style='' \/><\/a>\n\t            <\/div>\n                <div class='postimage-title' style=''>\n                    <a style='' href=http:\/\/www.woodtools.hu\/wt\/asztali-maro\/falcmaro-cserelheto-lapkas-dontott-keses\/ title=&#039;Falcmar\u00f3 cser\u00e9lhet\u0151 lapk\u00e1s d\u00f6nt\u00f6tt k\u00e9ses&#039; >Falcmar\u00f3 cser\u00e9lhet\u0151 lapk\u00e1s d\u00f6nt\u00f6tt k\u00e9ses<\/a>\n\t            <\/div>\n            <\/div><div data-postid=437 class='griditemleft' style=''>\n                <div class='postimage' style=''>\n                    <a href=http:\/\/www.woodtools.hu\/wt\/asztali-maro\/falcmaro-cserelheto-lapkas\/ title='Falcmar\u00f3 cser\u00e9lhet\u0151 lapk\u00e1s' ><img alt='http:\/\/Falcmar\u00f3%20cser\u00e9lhet\u0151%20lapk\u00e1s' class='' src='http:\/\/www.woodtools.hu\/wp-content\/uploads\/falc-113-04-150x150.jpg' style='' \/><\/a>\n\t            <\/div>\n                <div class='postimage-title' style=''>\n                    <a style='' href=http:\/\/www.woodtools.hu\/wt\/asztali-maro\/falcmaro-cserelheto-lapkas\/ title=&#039;Falcmar\u00f3 cser\u00e9lhet\u0151 lapk\u00e1s&#039; >Falcmar\u00f3 cser\u00e9lhet\u0151 lapk\u00e1s<\/a>\n\t            <\/div>\n            <\/div><div data-postid=428 class='griditemleft' style=''>\n                <div class='postimage' style=''>\n                    <a href=http:\/\/www.woodtools.hu\/wt\/asztali-maro\/allithato-nutmaro-tarcsa-valtolapkas\/ title='\u00c1ll\u00edthat\u00f3 n\u00fatmar\u00f3 t\u00e1rcsa v\u00e1lt\u00f3lapk\u00e1s' ><img alt='http:\/\/\u00c1ll\u00edthat\u00f3%20n\u00fatmar\u00f3%20t\u00e1rcsa%20v\u00e1lt\u00f3lapk\u00e1s' class='' src='http:\/\/www.woodtools.hu\/wp-content\/uploads\/v\u00e1lt\u00f3-113-30-150x150.jpg' style='' \/><\/a>\n\t            <\/div>\n                <div class='postimage-title' style=''>\n                    <a style='' href=http:\/\/www.woodtools.hu\/wt\/asztali-maro\/allithato-nutmaro-tarcsa-valtolapkas\/ title=&#039;\u00c1ll\u00edthat\u00f3 n\u00fatmar\u00f3 t\u00e1rcsa v\u00e1lt\u00f3lapk\u00e1s&#039; >\u00c1ll\u00edthat\u00f3 n\u00fatmar\u00f3 t\u00e1rcsa v\u00e1lt\u00f3lapk\u00e1s<\/a>\n\t            <\/div>\n            <\/div><div data-postid=424 class='griditemleft' style=''>\n                <div class='postimage' style=''>\n                    <a href=http:\/\/www.woodtools.hu\/wt\/asztali-maro\/valto-lapkas-nutmaro-tarcsa\/ title='V\u00e1lt\u00f3 lapk\u00e1s n\u00fatmar\u00f3 t\u00e1rcsa' ><img alt='http:\/\/V\u00e1lt\u00f3%20lapk\u00e1s%20n\u00fatmar\u00f3%20t\u00e1rcsa' class='' src='http:\/\/www.woodtools.hu\/wp-content\/uploads\/v\u00e1lt\u00f3-113-01-150x150.jpg' style='' \/><\/a>\n\t            <\/div>\n                <div class='postimage-title' style=''>\n                    <a style='' href=http:\/\/www.woodtools.hu\/wt\/asztali-maro\/valto-lapkas-nutmaro-tarcsa\/ title=&#039;V\u00e1lt\u00f3 lapk\u00e1s n\u00fatmar\u00f3 t\u00e1rcsa&#039; >V\u00e1lt\u00f3 lapk\u00e1s n\u00fatmar\u00f3 t\u00e1rcsa<\/a>\n\t            <\/div>\n            <\/div><div data-postid=419 class='griditemleft' style=''>\n                <div class='postimage' style=''>\n                    <a href=http:\/\/www.woodtools.hu\/wt\/asztali-maro\/nutmaro-tarcsa-vidias\/ title='N\u00fatmar\u00f3 t\u00e1rcsa v\u00eddi\u00e1s' ><img alt='http:\/\/N\u00fatmar\u00f3%20t\u00e1rcsa%20v\u00eddi\u00e1s' class='' src='http:\/\/www.woodtools.hu\/wp-content\/uploads\/N\u00fatmar\u00f3-112-02-3-150x150.jpg' style='' \/><\/a>\n\t            <\/div>\n                <div class='postimage-title' style=''>\n                    <a style='' href=http:\/\/www.woodtools.hu\/wt\/asztali-maro\/nutmaro-tarcsa-vidias\/ title=&#039;N\u00fatmar\u00f3 t\u00e1rcsa v\u00eddi\u00e1s&#039; >N\u00fatmar\u00f3 t\u00e1rcsa v\u00eddi\u00e1s<\/a>\n\t            <\/div>\n            <\/div><div data-postid=412 class='griditemleft' style=''>\n                <div class='postimage' style=''>\n                    <a href=http:\/\/www.woodtools.hu\/wt\/asztali-maro\/nutmaro-tarcsa-2\/ title='N\u00fatmar\u00f3 t\u00e1rcsa' ><img alt='http:\/\/N\u00fatmar\u00f3%20t\u00e1rcsa' class='' src='http:\/\/www.woodtools.hu\/wp-content\/uploads\/N\u00fatmar\u00f3-112-02-150x150.jpg' style='' \/><\/a>\n\t            <\/div>\n                <div class='postimage-title' style=''>\n                    <a style='' href=http:\/\/www.woodtools.hu\/wt\/asztali-maro\/nutmaro-tarcsa-2\/ title=&#039;N\u00fatmar\u00f3 t\u00e1rcsa&#039; >N\u00fatmar\u00f3 t\u00e1rcsa<\/a>\n\t            <\/div>\n            <\/div><\/div><!--thumbnailgridcontainer-->\n        \n        <\/div><!--thumbnailblock--><\/span><\/p>\n","protected":false},"excerpt":{"rendered":"<p>&nbsp; &nbsp;<\/p>\n","protected":false},"author":2,"featured_media":0,"parent":0,"menu_order":6,"comment_status":"closed","ping_status":"closed","template":"","meta":{"footnotes":""},"class_list":["post-410","page","type-page","status-publish","hentry","has-post-thumbnail"],"aioseo_notices":[],"_links":{"self":[{"href":"http:\/\/www.woodtools.hu\/wt\/wp-json\/wp\/v2\/pages\/410","targetHints":{"allow":["GET"]}}],"collection":[{"href":"http:\/\/www.woodtools.hu\/wt\/wp-json\/wp\/v2\/pages"}],"about":[{"href":"http:\/\/www.woodtools.hu\/wt\/wp-json\/wp\/v2\/types\/page"}],"author":[{"embeddable":true,"href":"http:\/\/www.woodtools.hu\/wt\/wp-json\/wp\/v2\/users\/2"}],"replies":[{"embeddable":true,"href":"http:\/\/www.woodtools.hu\/wt\/wp-json\/wp\/v2\/comments?post=410"}],"version-history":[{"count":8,"href":"http:\/\/www.woodtools.hu\/wt\/wp-json\/wp\/v2\/pages\/410\/revisions"}],"predecessor-version":[{"id":1147,"href":"http:\/\/www.woodtools.hu\/wt\/wp-json\/wp\/v2\/pages\/410\/revisions\/1147"}],"wp:attachment":[{"href":"http:\/\/www.woodtools.hu\/wt\/wp-json\/wp\/v2\/media?parent=410"}],"curies":[{"name":"wp","href":"https:\/\/api.w.org\/{rel}","templated":true}]}}