{"id":37,"date":"2014-06-03T08:54:45","date_gmt":"2014-06-03T06:54:45","guid":{"rendered":"http:\/\/www.woodtools.hu\/?page_id=37"},"modified":"2017-05-15T10:48:56","modified_gmt":"2017-05-15T08:48:56","slug":"szallitasi-feltetelek","status":"publish","type":"page","link":"http:\/\/www.woodtools.hu\/wt\/szallitasi-feltetelek\/","title":{"rendered":"Sz\u00e1ll\u00edt\u00e1si \u00e9s V\u00e1s\u00e1rl\u00e1si  felt\u00e9telek"},"content":{"rendered":"<p style=\"color: #333333;\">K\u00e9rj\u00fck, amennyiben v\u00e1s\u00e1rl\u00f3ja, illetve akt\u00edv felhaszn\u00e1l\u00f3ja k\u00edv\u00e1n lenni web\u00e1ruh\u00e1zunknak, figyelmesen olvassa el az al\u00e1bbi \u00e1ltal\u00e1nos szerz\u0151d\u00e9si felt\u00e9teleinket \u00e9s kiz\u00e1r\u00f3lag abban az esetben vegye ig\u00e9nybe szolg\u00e1ltat\u00e1sainkat, amennyiben minden pontj\u00e1val egyet\u00e9rt \u00e9s k\u00f6telez\u0151 \u00e9rv\u00e9ny\u0171nek tekinti mag\u00e1ra n\u00e9zve!<\/p>\n<p style=\"color: #333333;\">A web\u00e1ruh\u00e1z m\u0171k\u00f6d\u00e9s\u00e9vel, megrendel\u00e9si, \u00e9s sz\u00e1ll\u00edt\u00e1si folyamat\u00e1val kapcsolatosan felmer\u00fcl\u0151 k\u00e9rd\u00e9sek eset\u00e9n a megadott el\u00e9rhet\u0151s\u00e9geinken rendelkez\u00e9s\u00e9re \u00e1llunk!<\/p>\n<p style=\"color: #333333;\"><strong>I. Preambulum, jelen szerz\u0151d\u00e9s c\u00e9lja, a sz\u00e1ll\u00edt\u00f3 adatai<\/strong><\/p>\n<ul style=\"color: #333333;\">\n<li>A Wood-Tools Kft (a tov\u00e1bbiakban: sz\u00e1ll\u00edt\u00f3 vagy \u00fczemeltet\u0151)<\/li>\n<li>Sz\u00e1ll\u00edt\u00f3 adatai el\u00e9rhet\u0151s\u00e9gei<\/li>\n<li><strong>C\u00e9gn\u00e9v:<\/strong>\u00a0Wood-Tools Kft<\/li>\n<li><strong>Sz\u00e9khely:<\/strong>\u00a08000 Sz\u00e9kesfeh\u00e9rv\u00e1r Hat\u00e1r utca 84<\/li>\n<li><strong>C\u00e9gjegyz\u00e9k sz\u00e1m:<\/strong>\u00a007-09-024582<\/li>\n<li><strong>Nyilv\u00e1ntart\u00f3 hat\u00f3s\u00e1g: Sz\u00e9kesfeh\u00e9rv\u00e1ri\u00a0<\/strong>T\u00f6rv\u00e9nysz\u00e9k C\u00e9gb\u00edr\u00f3s\u00e1ga<\/li>\n<li><strong>Ad\u00f3sz\u00e1m:<\/strong>\u00a024804774-2-07<\/li>\n<li><strong>Elektronikus el\u00e9rhet\u0151s\u00e9g:<\/strong>\u00a0woodtoolskft@gmail.com<\/li>\n<li><strong>Telefon:<\/strong>\u00a00630-546-8346<\/li>\n<li><strong>Kapcsolattart\u00f3<\/strong> : Radeczki Melinda<\/li>\n<li>Jelen \u00e1ltal\u00e1nos szerz\u0151d\u00e9si \u00e9s felhaszn\u00e1l\u00e1si felt\u00e9telek (a tov\u00e1bbiakban: \u00e1szf) c\u00e9lja, hogy a vev\u0151k \u00e9s a sz\u00e1ll\u00edt\u00f3 \u00e1ltal a k\u00e9s\u0151bbiekben megk\u00f6tend\u0151 egyedi szerz\u0151d\u00e9sek \u00e1ltal\u00e1nos szerz\u0151d\u00e9si felt\u00e9telei r\u00f6gz\u00edt\u00e9sre ker\u00fcljenek \u00e9s azok a vev\u0151k \u00e1ltal el\u0151zetesen megismerhet\u0151ek legyenek.<\/li>\n<\/ul>\n<p><strong>II. A megrendel\u00e9s menete<\/strong><\/p>\n<ul style=\"color: #333333;\">\n<li>A megrendel\u00e9s, illetve a v\u00e1s\u00e1rl\u00e1s k\u00fcl\u00f6n regisztr\u00e1ci\u00f3 n\u00e9lk\u00fcl is lehets\u00e9ges. A megrendel\u00e9s lead\u00e1s\u00e1ra a web\u00e1ruh\u00e1z \u00fczemel\u00e9se idej\u00e9n folyamatosan lehet\u0151s\u00e9g van. A megrendel\u00e9s menete a k\u00f6vetkez\u0151: 1. T\u00f6ltse ki szem\u00e9lyes adatait (n\u00e9v, sz\u00e1ll\u00edt\u00e1si c\u00edm, telefonsz\u00e1m)!\u00a0K\u00e9rj\u00fck figyeljen az adatok pontoss\u00e1g\u00e1ra, mert t\u00e9ves adatok megad\u00e1sa eset\u00e9n a kapcsolatfelv\u00e9tel, illetve a megrendel\u00e9s teljes\u00edt\u00e9se meghi\u00fasulhat! 2. A megv\u00e1s\u00e1rolni k\u00edv\u00e1nt term\u00e9ket valamint \u00a0mennyis\u00e9get jel\u00f6lje meg az arra kijel\u00f6lt rubrik\u00e1ban! 3. \u00cdrja be a k\u00e9perny\u0151n l\u00e1that\u00f3 ellen\u0151rz\u0151 k\u00f3dot a megadott rubrik\u00e1ba! 4. Ezt k\u00f6vet\u0151en a &#8222;Megrendel\u00e9s&#8221; gombra kattintva tudja elk\u00fcldeni megrendel\u00e9s\u00e9t, illetve megjegyz\u00e9st is f\u0171zhet a megrendel\u00e9s\u00e9hez. 5. Az \u00d6n \u00e1ltal megadott e-mail c\u00edmre a megrendel\u00e9s elk\u00fcld\u00e9s\u00e9t k\u00f6vet\u0151en visszaigazol\u00e1st kap.<\/li>\n<\/ul>\n<p><strong>III. A szerz\u0151d\u00e9s l\u00e9trej\u00f6tte<\/strong><\/p>\n<ul style=\"color: #333333;\">\n<li>A vev\u0151 a term\u00e9k megrendel\u00e9se, illetve az arra vonatkoz\u00f3 sz\u00e1ll\u00edt\u00e1si szerz\u0151d\u00e9s megk\u00f6t\u00e9se ir\u00e1nti ig\u00e9ny\u00e9t a weboldalon tal\u00e1lhat\u00f3 megrendel\u0151 lap kit\u00f6lt\u00e9s\u00e9vel \u00e9s elk\u00fcld\u00e9s\u00e9vel jelezheti.<\/li>\n<\/ul>\n<p><strong>IV. A v\u00e9tel\u00e1r \u00e9s a fizet\u00e9s m\u00f3dja<\/strong><\/p>\n<p>A term\u00e9kekre vonatkoz\u00f3an megjelen\u00edtett \u00e1r minden esetben tartalmazza a t\u00f6rv\u00e9nyben el\u0151\u00edrt \u00e1f\u00e1t<br \/>\n(27%), A fizetend\u0151 v\u00e9g\u00f6sszeg a megrendel\u00e9s \u00f6sszes\u00edt\u0151je \u00e9s visszaigazol\u00f3 lev\u00e9l alapj\u00e1n minden k\u00f6lts\u00e9get tartalmaz. A sz\u00e1ml\u00e1t a csomag tartalmazza.A megrendelt term\u00e9keket a csomag \u00e1tv\u00e9telekor a fut\u00e1rnak kell kifizetni. Kiz\u00e1r\u00f3lag abban az esetben rendelje meg a k\u00edv\u00e1nt term\u00e9keket, amennyiben a csomag \u00e1tv\u00e9telekor ki tudja fizetni annak d\u00edj\u00e1t a fut\u00e1rnak!<\/p>\n<p><strong>V. A teljes\u00edt\u00e9si hat\u00e1rid\u0151, sz\u00e1ll\u00edt\u00e1s m\u00f3dja<\/strong><br \/>\nT\u00e1j\u00e9koztatjuk, hogy a megrendel\u00e9sek feldolgoz\u00e1sa munkanapokon 9-17 \u00f3ra k\u00f6z\u00f6tt t\u00f6rt\u00e9nik. A<\/p>\n<ul>\n<li>megrendel\u00e9seket \u2013 ha a felek m\u00e1sk\u00e9pp nem \u00e1llapodnak meg \u2013 a visszaigazol\u00e1s elk\u00fcld\u00e9s\u00e9t\u0151l sz\u00e1m\u00edtott 5 munkanapon bel\u00fcl h\u00e1zhoz sz\u00e1ll\u00edt\u00e1s \u00fatj\u00e1n teljes\u00edtj\u00fck.A vev\u0151k \u00e1ltal leadott megrendel\u00e9sek alapj\u00e1n a term\u00e9kek kisz\u00e1ll\u00edt\u00e1s\u00e1t a <em><span style=\"color: #ff0000;\">Royal Sprint.<\/span><\/em> v\u00e9gzi. A csomagok k\u00e9zbes\u00edt\u00e9se \u00a0munkanapokon 8-17 \u00f3ra k\u00f6z\u00f6tti id\u0151szakban t\u00f6rt\u00e9nik . Amennyiben ebben id\u0151szakban nem tart\u00f3zkodik otthon, sz\u00e1ll\u00edt\u00e1si c\u00edmk\u00e9nt c\u00e9lszer\u0171 (amennyiben van r\u00e1 lehet\u0151s\u00e9ge) munkahelyi c\u00edmet megadni.A fut\u00e1rszolg\u00e1lat k\u00e9tszeri k\u00e9zbes\u00edt\u00e9st k\u00eds\u00e9rel meg. A k\u00e9tszeri k\u00e9zbes\u00edt\u00e9si k\u00eds\u00e9rlet ellen\u00e9re \u00e1t nem vett csomagok sz\u00e1ll\u00edt\u00e1si k\u00f6lts\u00e9g\u00e9t a vev\u0151 k\u00f6teles a sz\u00e1ll\u00edt\u00f3 r\u00e9sz\u00e9re megt\u00e9r\u00edteni!\u00a0Az \u00e1t nem vett, visszak\u00fcld\u00f6tt csomagok eset\u00e9n, a term\u00e9k ism\u00e9telt megk\u00fcld\u00e9s\u00e9t kiz\u00e1r\u00f3lag a csomag ellen\u00e9rt\u00e9k\u00e9nek el\u0151re t\u00f6rt\u00e9n\u0151 \u00e1tutal\u00e1sa eset\u00e9n \u00e1ll m\u00f3dunkban ism\u00e9telten elind\u00edtani! Err\u0151l b\u0151vebben a megadott el\u00e9rhet\u0151s\u00e9geken \u00e9rdekl\u0151dhet.<\/li>\n<\/ul>\n<p><strong>VI. A term\u00e9kek \u00e1tv\u00e9tele<\/strong><\/p>\n<div>\n<p>T\u00e1j\u00e9koztatjuk, hogy a term\u00e9keket a sz\u00e1ll\u00edt\u00f3 csomagolva, a sz\u00e1ml\u00e1val egy\u00fctt k\u00e9zbes\u00edtteti. K\u00e9rj\u00fck, hogy\u00a0a csomagot k\u00e9zbes\u00edt\u00e9skor a fut\u00e1r el\u0151tt sz\u00edveskedj\u00e9k megvizsg\u00e1lni, \u00e9s a term\u00e9keken \u00e9szlelelt esetleges s\u00e9r\u00fcl\u00e9s eset\u00e9n k\u00e9rje jegyz\u0151k\u00f6nyv felv\u00e9tel\u00e9t \u00e9s ne vegye \u00e1t a csomagot! Ut\u00f3lagos, jegyz\u0151k\u00f6nyv n\u00e9lk\u00fcli reklam\u00e1ci\u00f3t nem \u00e1ll m\u00f3dunkban elfogadni!<\/p>\n<\/div>\n<p><strong>VII. El\u00e1ll\u00e1si jog<\/strong><br \/>\nA t\u00e1vollev\u0151k k\u00f6z\u00f6tt k\u00f6t\u00f6tt szerz\u0151d\u00e9sekr\u0151l sz\u00f3l\u00f3\u00a0<span style=\"font-weight: bold; color: #000000;\">45\/2014. (II. 26.) Korm. rendelet<\/span>\u00a0szab\u00e1lyoz\u00e1sa<\/p>\n<ul>\n<li>\u00d6n 14 napon bel\u00fcl jogosult indokol\u00e1s n\u00e9lk\u00fcl el\u00e1llni e szerz\u0151d\u00e9st\u0151l. Hasonl\u00f3k\u00e9ppen, ha a szolg\u00e1ltat\u00e1s ny\u00fajt\u00e1s\u00e1ra ir\u00e1nyul\u00f3 szerz\u0151d\u00e9s eset\u00e9n a szerz\u0151d\u00e9s teljes\u00edt\u00e9se megkezd\u0151d\u00f6tt, \u00d6n jogosult 14 napon bel\u00fcl indokol\u00e1s n\u00e9lk\u00fcl felmondani a szerz\u0151d\u00e9st.Az el\u00e1ll\u00e1si\/felmond\u00e1si hat\u00e1rid\u0151 az att\u00f3l a napt\u00f3l sz\u00e1m\u00edtott 14 nap eltelt\u00e9vel j\u00e1r le, amelyen \u00d6n vagy az \u00d6n \u00e1ltal megjel\u00f6lt, a fuvaroz\u00f3t\u00f3l elt\u00e9r\u0151 harmadik szem\u00e9ly a term\u00e9ket \u00e1tveszi\n<p>Ha \u00d6n el\u00e1ll\u00e1si\/felmond\u00e1si jog\u00e1val \u00e9lni k\u00edv\u00e1n, el\u00e1ll\u00e1si\/felmond\u00e1si sz\u00e1nd\u00e9k\u00e1t tartalmaz\u00f3 egy\u00e9rtelm\u0171 nyilatkozat\u00e1t k\u00f6teles eljuttatni (p\u00e9ld\u00e1ul post\u00e1n, telefaxon vagy elektronikus \u00faton k\u00fcld\u00f6tt lev\u00e9l \u00fatj\u00e1n) az al\u00e1bbi c\u00edmre Wood-Tools Kft 8000 Sz\u00e9kesfeh\u00e9rv\u00e1r Hat\u00e1r utca 84<\/p>\n<p>Email : <a href=\"mailto:woodtoolskft@gmail.com\"><a href=\"mailto:w%6fo%64&#116;%6fo&#108;sk%66t%40%67&#109;a&#105;l.%63%6f&#109;\">wo&#111;d&#116;&#111;&#111;ls&#107;ft&#64;&#103;&#109;a&#105;&#108;.&#99;om<\/a><\/a><\/p>\n<p>\u00d6n hat\u00e1rid\u0151ben gyakorolja el\u00e1ll\u00e1si\/felmond\u00e1si jog\u00e1t, ha a fent megjel\u00f6lt hat\u00e1rid\u0151 lej\u00e1rta el\u0151tt elk\u00fcldi el\u00e1ll\u00e1si\/felmond\u00e1si nyilatkozat\u00e1t.<\/p>\n<p>Az el\u00e1ll\u00e1s\/felmond\u00e1s joghat\u00e1sai<\/p>\n<p>Ha \u00d6n el\u00e1ll ett\u0151l a szerz\u0151d\u00e9st\u0151l, halad\u00e9ktalanul, de legk\u00e9s\u0151bb az \u00d6n el\u00e1ll\u00e1si nyilatkozat\u00e1nak k\u00e9zhezv\u00e9tel\u00e9t\u0151l sz\u00e1m\u00edtott 14 napon bel\u00fcl visszat\u00e9r\u00edtj\u00fck az \u00d6n \u00e1ltal teljes\u00edtett valamennyi ellenszolg\u00e1ltat\u00e1st, ide\u00e9rtve a fuvaroz\u00e1si k\u00f6lts\u00e9get is (kiv\u00e9ve azokat a t\u00f6bbletk\u00f6lts\u00e9geket, amelyek amiatt mer\u00fcltek fel, hogy \u00d6n az \u00e1ltalunk felk\u00edn\u00e1lt, legolcs\u00f3bb szok\u00e1sos fuvaroz\u00e1si m\u00f3dt\u00f3l elt\u00e9r\u0151 fuvaroz\u00e1si m\u00f3dot v\u00e1lasztott.) A visszat\u00e9r\u00edt\u00e9s sor\u00e1n az eredeti \u00fcgylet sor\u00e1n alkalmazott fizet\u00e9si m\u00f3ddal egyez\u0151 fizet\u00e9si m\u00f3dot alkalmazunk, kiv\u00e9ve, ha \u00d6n m\u00e1s fizet\u00e9si m\u00f3d ig\u00e9nybev\u00e9tel\u00e9hez kifejezetten a hozz\u00e1j\u00e1rul\u00e1s\u00e1t adja; e visszat\u00e9r\u00edt\u00e9si m\u00f3d alkalmaz\u00e1s\u00e1b\u00f3l kifoly\u00f3lag \u00d6nt semmilyen t\u00f6bbletk\u00f6lts\u00e9g nem terheli . A visszat\u00e9r\u00edt\u00e9st mindaddig visszatarthatjuk, am\u00edg vissza nem kaptuk a term\u00e9ket, vagy \u00d6n nem igazolta, hogy azt visszak\u00fcldte: a kett\u0151 k\u00f6z\u00fcl a kor\u00e1bbi id\u0151pontot kell figyelembe venni.<\/p>\n<p>\u00d6n k\u00f6teles sz\u00e1munkra a term\u00e9ket indokolatlan k\u00e9sedelem n\u00e9lk\u00fcl, de legk\u00e9s\u0151bb el\u00e1ll\u00e1si \u00a0\u00a0nyilatkozat\u00e1nak k\u00f6zl\u00e9s\u00e9t\u0151l sz\u00e1m\u00edtott 14 napon bel\u00fcl visszak\u00fcldeni vagy \u00e1tadni. A hat\u00e1rid\u0151 betartottnak min\u0151s\u00fcl, ha a 14 napos hat\u00e1rid\u0151 letelte el\u0151tt elk\u00fcldi a term\u00e9ket.<br \/>\nA term\u00e9k visszak\u00fcld\u00e9s\u00e9nek k\u00f6zvetlen k\u00f6lts\u00e9g\u00e9t \u00d6n viseli.<br \/>\n\u00d6n kiz\u00e1r\u00f3lag akkor vonhat\u00f3 felel\u0151ss\u00e9gre a term\u00e9kben bek\u00f6vetkezett \u00e9rt\u00e9kcs\u00f6kken\u00e9s\u00e9rt, ha az a term\u00e9k jelleg\u00e9nek, tulajdons\u00e1gainak \u00e9s m\u0171k\u00f6d\u00e9s\u00e9nek meg\u00e1llap\u00edt\u00e1s\u00e1hoz sz\u00fcks\u00e9ges haszn\u00e1latot meghalad\u00f3 haszn\u00e1lat miatt k\u00f6vetkezett<\/li>\n<\/ul>\n<p><strong><span style=\"color: #333333;\">VIII.<\/span>\u00a0Adatkezel\u00e9s, adatv\u00e9delem<\/strong><\/p>\n<ul>\n<li>Jelen adatv\u00e9delmi nyilatkozat (tov\u00e1bbiakban: nyilatkozat) tartalmazza a weboldalon megv\u00e1s\u00e1rolhat\u00f3\u00a0term\u00e9kekkel \u00f6sszef\u00fcgg\u0151 megrendel\u00e9sek teljes\u00edt\u00e9se, szolg\u00e1ltat\u00e1sok ny\u00fajt\u00e1sa \u00e9s a h\u00edrlevelek kik\u00fcld\u00e9se\u00a0keret\u00e9ben v\u00e9gzett, szem\u00e9lyes adatok kezel\u00e9s\u00e9re vonatkoz\u00f3 szab\u00e1lyokat, valamint az adatkezel\u00e9sre\u00a0vonatkoz\u00f3 t\u00e1j\u00e9koztat\u00e1st. A szolg\u00e1ltat\u00e1s haszn\u00e1lat\u00e1nak megkezd\u00e9s\u00e9vel a felhaszn\u00e1l\u00f3k elfogadj\u00e1k jelen\u00a0nyilatkozat felt\u00e9teleit, amely folyamatosan el\u00e9rhet\u0151 a weboldalon. Amennyiben l\u00e1togat\u00f3nknak olyan\u00a0k\u00e9rd\u00e9se lenne, amely jelen nyilatkozat alapj\u00e1n nem egy\u00e9rtelm\u0171, k\u00e9rj\u00fck \u00edrja meg nek\u00fcnk \u00e9s\u00a0megv\u00e1laszoljuk k\u00e9rd\u00e9s\u00e9t. Az \u00fczemeletet\u0151 elk\u00f6telezett a szolg\u00e1ltat\u00e1s min\u0151s\u00e9g\u00e9nek a legmagasabb\u00a0szinten tart\u00e1sa ir\u00e1ny\u00e1ban, a szolg\u00e1ltat\u00e1s haszn\u00e1lat\u00e1b\u00f3l ered\u0151 esetleges k\u00e1rok\u00e9rt azonban semmilyen\u00a0felel\u0151ss\u00e9get nem v\u00e1llal.Az \u00fczemeltet\u0151 sz\u00e1m\u00e1ra alapvet\u0151 c\u00e9l a weboldalt l\u00e1togat\u00f3k szem\u00e9lyes adatainak v\u00e9delme, kiemelten\u00a0fontosnak tartja a felhaszn\u00e1l\u00f3k inform\u00e1ci\u00f3s \u00f6nrendelkez\u00e9si jog\u00e1nak tiszteletben tart\u00e1s\u00e1t. Az\u00a0\u00fczemeltet\u0151 \u00a0a \u00a0l\u00e1togat\u00f3k szem\u00e9lyes adatait bizalmasan kezeli \u00e9s megtesz minden olyan biztons\u00e1gi,\u00a0technikai \u00e9s szervez\u00e9si int\u00e9zked\u00e9st, mely az adatok biztons\u00e1g\u00e1t garant\u00e1lja. Az al\u00e1bbiakban\u00a0ismertetj\u00fck adatkezel\u00e9si alapelveinket, \u00a0bemutatjuk azokat az elv\u00e1r\u00e1sokat, melyeket az \u00fczemeltet\u0151\u00a0saj\u00e1t mag\u00e1val, mint adatkezel\u0151vel szemben megfogalmazott \u00e9s betart. Az \u00fczemeltet\u0151 adatv\u00e9delmi\u00a0koncepci\u00f3ja a t\u00e1j\u00e9koztat\u00e1son alapul\u00f3 \u00f6nk\u00e9ntes beleegyez\u00e9sen nyugszik, melynek megval\u00f3s\u00edt\u00e1s\u00e1ra a\u00a0szolg\u00e1ltat\u00e1s haszn\u00e1lat\u00e1nak minden f\u00e1zis\u00e1ban t\u00f6rekszik. Adatkezel\u00e9si alapelvei \u00f6sszhangban vannak\u00a0az adatv\u00e9delemmel kapcsolatos hat\u00e1lyos jogszab\u00e1lyokkal, \u00edgy k\u00fcl\u00f6n\u00f6sen az al\u00e1bbiakkal:<\/li>\n<li>az inform\u00e1ci\u00f3s \u00f6nrendelkez\u00e9si jogr\u00f3l \u00e9s az inform\u00e1ci\u00f3szabads\u00e1gr\u00f3l sz\u00f3l\u00f3 2011. \u00e9vi CXII.\u00a0t\u00f6rv\u00e9ny;<\/li>\n<li>A szem\u00e9lyes adatok kezel\u00e9se vonatkoz\u00e1s\u00e1ban az egy\u00e9nek v\u00e9delm\u00e9r\u0151l \u00e9s az ilyen adatok\u00a0szabad \u00e1raml\u00e1s\u00e1r\u00f3l az Eur\u00f3pai Parlament \u00e9s az Eur\u00f3pai Uni\u00f3 Tan\u00e1csa 1995. okt\u00f3ber 24-i 95\/46\/EK ir\u00e1nyelve;<\/li>\n<li>A Strasbourgban, 1981. janu\u00e1r 28-\u00e1n kelt, az egy\u00e9nek v\u00e9delm\u00e9r\u0151l a szem\u00e9lyes adatok\u00a0g\u00e9pi feldolgoz\u00e1sa sor\u00e1n sz\u00f3l\u00f3, az 1998. \u00e9vi VI. t\u00f6rv\u00e9nnyel kihirdetett Egyezm\u00e9ny;<\/li>\n<li>Az elektronikus kereskedelmi szolg\u00e1ltat\u00e1sok, valamint az inform\u00e1ci\u00f3s t\u00e1rsadalommal\u00a0\u00f6sszef\u00fcgg\u0151 szolg\u00e1ltat\u00e1sok egyes k\u00e9rd\u00e9seir\u0151l sz\u00f3l\u00f3 2001. \u00e9vi CVIII. t\u00f6rv\u00e9ny;<\/li>\n<li>A kutat\u00e1s \u00e9s a k\u00f6zvetlen \u00fczletszerz\u00e9s c\u00e9lj\u00e1t szolg\u00e1l\u00f3 n\u00e9v- \u00e9s lakc\u00edmadatok kezel\u00e9s\u00e9r\u0151l\u00a0sz\u00f3l\u00f3 1995. \u00e9vi CXIX. t\u00f6rv\u00e9ny.<\/li>\n<\/ul>\n<p>A web\u00e1ruh\u00e1zban adatkezel\u00e9st az \u00fczemeltet\u0151 v\u00e9gez, harmadik f\u00e9l r\u00e9sz\u00e9re szem\u00e9lyes adatokat nem ad ki, csak az \u00e9rintett el\u0151zetes \u00e9s kifejezett hozz\u00e1j\u00e1rul\u00e1sa alapj\u00e1n. A megrendel\u00e9s elk\u00fcld\u00e9s\u00e9vel a szem\u00e9lyes adatok kisz\u00e1ll\u00edt\u00f3 c\u00e9g ir\u00e1ny\u00e1ba t\u00f6rt\u00e9n\u0151 tov\u00e1bb\u00edt\u00e1s\u00e1hoz a v\u00e1s\u00e1rl\u00f3 kifejezetten hozz\u00e1j\u00e1rul. A felhaszn\u00e1l\u00f3kr\u00f3l gy\u0171jt\u00f6tt szem\u00e9lyes adatokb\u00f3l k\u00e9sz\u00fclt statisztik\u00e1kat harmadik f\u00e9l r\u00e9sz\u00e9re kiz\u00e1r\u00f3lag az adatk\u00f6zl\u0151 szem\u00e9ly\u00e9re vonatkoz\u00f3 inform\u00e1ci\u00f3t\u00f3l megfosztva tov\u00e1bb\u00edt. Az \u00edgy tov\u00e1bb\u00edtott adatb\u00f3l semmilyen elj\u00e1r\u00e1ssal nem reproduk\u00e1lhat\u00f3 az adatk\u00f6zl\u0151 valamely szem\u00e9lyes adata. A web\u00e1ruh\u00e1zban gy\u0171jt\u00f6tt szem\u00e9lyes adatokat m\u00e1s forr\u00e1sb\u00f3l sz\u00e1rmaz\u00f3 adatokkal az adatkezel\u0151 nem kapcsolja \u00f6ssze.<br \/>\nHarmadik orsz\u00e1gba (k\u00fclf\u00f6ldre) az \u00fczemeltet\u0151 felhaszn\u00e1l\u00f3i adatokat nem tov\u00e1bb\u00edt. A felhaszn\u00e1l\u00f3k adataib\u00f3l az \u00e1ltal\u00e1nos statisztikai m\u00f3dszerekkel k\u00e9sz\u00edtett kimutat\u00e1sokat, elemz\u00e9seket az \u00fczemeltet\u0151 korl\u00e1tlan ideig meg\u0151rzi. Ezen adatokb\u00f3l nem lehet az \u00e9rintettre vonatkoz\u00f3 k\u00f6vetkeztet\u00e9st levonni. A web\u00e1ruh\u00e1z oldal\u00e1n az \u00fczemeltet\u0151 k\u00fcl\u00f6nleges adatot (a faji eredetre, a nemzeti \u00e9s etnikai kisebbs\u00e9ghez tartoz\u00e1sra, a politikai v\u00e9lem\u00e9nyre vagy p\u00e1rt\u00e1ll\u00e1sra, a vall\u00e1sos vagy m\u00e1s vil\u00e1gn\u00e9zeti meggy\u0151z\u0151d\u00e9sre, az \u00e9rdek-k\u00e9pviseleti szervezeti tags\u00e1gra, az eg\u00e9szs\u00e9gi \u00e1llapotra, a k\u00f3ros szenved\u00e9lyre, a szexu\u00e1lis \u00e9letre vonatkoz\u00f3 adat, valamint a b\u0171n\u00fcgyi szem\u00e9lyes adat) nem gy\u0171jt felhaszn\u00e1l\u00f3ir\u00f3l. A web\u00e1ruh\u00e1z l\u00e1togat\u00f3i a szolg\u00e1ltat\u00e1st \u00f6nk\u00e9ntesen haszn\u00e1lj\u00e1k. Amennyiben t\u00f6rv\u00e9nyi felhatalmaz\u00e1s alapj\u00e1n az \u00fczemeltet\u0151 k\u00f6teles a megkeres\u0151 hat\u00f3s\u00e1g r\u00e9sz\u00e9re szem\u00e9lyes adatot kiadni, \u00e9s annak minden felt\u00e9tele adott, \u00fagy a k\u00e9r\u00e9snek eleget tesz. Ezt az oldal l\u00e1togat\u00f3ja \u00e9s a term\u00e9kek v\u00e1s\u00e1rl\u00f3ja (felhaszn\u00e1l\u00f3) tudom\u00e1sul veszi, ezzel kapcsolatban kifog\u00e1st nem fog emelni. Az \u00fczemeltet\u0151 az egyes felhaszn\u00e1l\u00f3k adatm\u00f3dos\u00edt\u00e1si, adatk\u00e9r\u00e9si, adatt\u00f6rl\u00e9si, adatkezel\u00e9si t\u00e1j\u00e9koztat\u00e1si k\u00e9rd\u00e9seit fogadja, \u00e9s a lehet\u0151 leghamarabb, de legk\u00e9s\u0151bb 30 napon bel\u00fcl v\u00e1laszol. A web\u00e1ruh\u00e1zban el\u0151fordulhatnak linkek m\u00e1s, k\u00fcls\u0151 oldalakra. Az \u00fczemeltet\u0151 nem felel\u0151s m\u00e1s weboldalak adatkezel\u00e9si gyakorlat\u00e1val kapcsolatban. Jelen nyilatkozat csak az \u00fczemeltet\u0151 \u00e1ltal m\u0171k\u00f6dtetett weboldalra vonatkozik.A weboldal l\u00e1togat\u00e1sa sor\u00e1n az \u00e1ruh\u00e1zi rendszer r\u00f6gz\u00edti a felhaszn\u00e1l\u00f3k IP c\u00edm\u00e9t, melyb\u0151l bizonyos esetekben k\u00f6vetkeztetni lehet az \u00e9rintett szem\u00e9lyre, ezen fel\u00fcl r\u00f6gz\u00edti az oper\u00e1ci\u00f3s rendszer, illetve a b\u00f6ng\u00e9sz\u0151 t\u00edpus\u00e1t \u00e9s a l\u00e1togatott oldal c\u00edm\u00e9t. Az adatment\u00e9snek els\u0151sorban technikai jelleg\u0171 c\u00e9lja van, a rendszer folyamatos m\u0171k\u00f6d\u00e9s\u00e9hez elengedhetetlen. Az adatr\u00f6gz\u00edt\u00e9s tov\u00e1bbi c\u00e9lja a felhaszn\u00e1l\u00f3i szok\u00e1sok elemz\u00e9se, l\u00e1togatotts\u00e1gi statisztik\u00e1k k\u00e9sz\u00edt\u00e9se, mely a m\u00e9g magasabb sz\u00ednvonal\u00fa kiszolg\u00e1l\u00e1shoz ny\u00fajt seg\u00edts\u00e9get. A napl\u00f3\u00e1llom\u00e1nyok elemz\u00e9se sor\u00e1n felmer\u00fclt adatokat m\u00e1s inform\u00e1ci\u00f3val az \u00fczemeltet\u0151 nem kapcsolja \u00f6ssze, a felhaszn\u00e1l\u00f3 szem\u00e9ly\u00e9nek azonos\u00edt\u00e1s\u00e1ra nem t\u00f6rekszik.A szolg\u00e1ltat\u00e1s ig\u00e9nybev\u00e9tel\u00e9hez cookie-k enged\u00e9lyez\u00e9se sz\u00fcks\u00e9ges. Amennyiben nem szeretn\u00e9 enged\u00e9lyezni a cookie-k haszn\u00e1lat\u00e1t, letilthatja a b\u00f6ng\u00e9sz\u0151je be\u00e1ll\u00edt\u00e1saiban. A cookie-k tilt\u00e1sa eset\u00e9n a szolg\u00e1ltat\u00e1s bizonyos elemei csak r\u00e9szben, vagy egy\u00e1ltal\u00e1n nem haszn\u00e1lhat\u00f3ak. A cookie egy olyan f\u00e1jl, amelyet a szerver k\u00fcld a felhaszn\u00e1l\u00f3 b\u00f6ng\u00e9sz\u0151j\u00e9nek, \u00e9s amelyet a felhaszn\u00e1l\u00f3 sz\u00e1m\u00edt\u00f3g\u00e9pe t\u00e1rol.<\/p>\n<ul style=\"color: #333333;\">\n<li>A cookie-ban szem\u00e9lyes adat nem ker\u00fcl t\u00e1rol\u00e1sra. A megrendel\u00e9s folyam\u00e1n r\u00f6gz\u00edtett adatokat az \u00fczemeltet\u0151 a megrendel\u00e9s teljes\u00edt\u00e9s\u00e9hez haszn\u00e1lja fel. Az egyes informatikai rendszerek \u00e1ltal, a web\u00e1ruh\u00e1z oldalain leadott megrendel\u00e9sb\u0151l k\u00e9sz\u00fclt sz\u00e1mla adatai a rendel\u00e9s lead\u00e1sa folyam\u00e1n magadott adatokkal r\u00f6gz\u00edt\u00e9sre, \u00e9s t\u00e1rol\u00e1sra ker\u00fclnek a hat\u00e1lyos sz\u00e1mviteli t\u00f6rv\u00e9nyben meghat\u00e1rozott id\u0151szakra.<\/li>\n<li>Adatai t\u00f6rl\u00e9s\u00e9t, m\u00f3dos\u00edt\u00e1s\u00e1t b\u00e1rmikor k\u00e9rheti \u00edr\u00e1sban a fentiekben megadott el\u00e9rhet\u0151s\u00e9geken.<\/li>\n<\/ul>\n","protected":false},"excerpt":{"rendered":"<p>K\u00e9rj\u00fck, amennyiben v\u00e1s\u00e1rl\u00f3ja, illetve akt\u00edv felhaszn\u00e1l\u00f3ja k\u00edv\u00e1n lenni web\u00e1ruh\u00e1zunknak, figyelmesen olvassa el az al\u00e1bbi \u00e1ltal\u00e1nos szerz\u0151d\u00e9si felt\u00e9teleinket \u00e9s kiz\u00e1r\u00f3lag abban az esetben vegye ig\u00e9nybe szolg\u00e1ltat\u00e1sainkat, amennyiben minden pontj\u00e1val egyet\u00e9rt \u00e9s k\u00f6telez\u0151 \u00e9rv\u00e9ny\u0171nek tekinti mag\u00e1ra n\u00e9zve! A web\u00e1ruh\u00e1z m\u0171k\u00f6d\u00e9s\u00e9vel, megrendel\u00e9si, \u00e9s sz\u00e1ll\u00edt\u00e1si folyamat\u00e1val kapcsolatosan felmer\u00fcl\u0151 k\u00e9rd\u00e9sek eset\u00e9n a megadott el\u00e9rhet\u0151s\u00e9geinken rendelkez\u00e9s\u00e9re \u00e1llunk! I. Preambulum, jelen szerz\u0151d\u00e9s &hellip; <a href=\"http:\/\/www.woodtools.hu\/wt\/szallitasi-feltetelek\/\" class=\"more-link\"><span class=\"screen-reader-text\">Sz\u00e1ll\u00edt\u00e1si \u00e9s V\u00e1s\u00e1rl\u00e1si  felt\u00e9telek<\/span> b\u0151vebben&#8230; <span class=\"meta-nav\">&rarr;<\/span><\/a><\/p>\n","protected":false},"author":1,"featured_media":0,"parent":0,"menu_order":0,"comment_status":"closed","ping_status":"closed","template":"","meta":{"footnotes":""},"class_list":["post-37","page","type-page","status-publish","hentry"],"aioseo_notices":[],"_links":{"self":[{"href":"http:\/\/www.woodtools.hu\/wt\/wp-json\/wp\/v2\/pages\/37","targetHints":{"allow":["GET"]}}],"collection":[{"href":"http:\/\/www.woodtools.hu\/wt\/wp-json\/wp\/v2\/pages"}],"about":[{"href":"http:\/\/www.woodtools.hu\/wt\/wp-json\/wp\/v2\/types\/page"}],"author":[{"embeddable":true,"href":"http:\/\/www.woodtools.hu\/wt\/wp-json\/wp\/v2\/users\/1"}],"replies":[{"embeddable":true,"href":"http:\/\/www.woodtools.hu\/wt\/wp-json\/wp\/v2\/comments?post=37"}],"version-history":[{"count":19,"href":"http:\/\/www.woodtools.hu\/wt\/wp-json\/wp\/v2\/pages\/37\/revisions"}],"predecessor-version":[{"id":1015,"href":"http:\/\/www.woodtools.hu\/wt\/wp-json\/wp\/v2\/pages\/37\/revisions\/1015"}],"wp:attachment":[{"href":"http:\/\/www.woodtools.hu\/wt\/wp-json\/wp\/v2\/media?parent=37"}],"curies":[{"name":"wp","href":"https:\/\/api.w.org\/{rel}","templated":true}]}}