{"id":35,"date":"2014-06-03T08:54:26","date_gmt":"2014-06-03T06:54:26","guid":{"rendered":"http:\/\/www.woodtools.hu\/?page_id=35"},"modified":"2017-01-16T23:28:00","modified_gmt":"2017-01-16T22:28:00","slug":"kapcsolat","status":"publish","type":"page","link":"http:\/\/www.woodtools.hu\/wt\/kapcsolat\/","title":{"rendered":"Kapcsolat"},"content":{"rendered":"<p>El\u00e9rhet\u0151s\u00e9geink<\/p>\n<p><em>Wood-Tools Kft<\/em><\/p>\n<p>Ad\u00f3sz\u00e1m .: 24804774-2-07<\/p>\n<p>Sz\u00e9khely \/ levelez\u00e9si c\u00edm \/ :8000 Sz\u00e9kesfeh\u00e9rv\u00e1r Hat\u00e1r Utca 84<\/p>\n<p>Web : www.woodtools.hu<\/p>\n<p>Email.: <a href=\"mailto:%77o&#111;d&#116;o%6fl&#115;&#107;%66%74%40%67ma&#105;%6c.c&#111;%6d\">&#119;oodt&#111;ol&#115;kf&#116;&#64;&#103;&#109;a&#105;l.c&#111;&#109;<\/a><\/p>\n<p>Tel .: 30\/546-8346 \/ Radeczki Melinda<\/p>\n<p>70\/504-0987 \/ Kaszala Zsolt<\/p>\n<p>&nbsp;<\/p>\n","protected":false},"excerpt":{"rendered":"<p>El\u00e9rhet\u0151s\u00e9geink Wood-Tools Kft Ad\u00f3sz\u00e1m .: 24804774-2-07 Sz\u00e9khely \/ levelez\u00e9si c\u00edm \/ :8000 Sz\u00e9kesfeh\u00e9rv\u00e1r Hat\u00e1r Utca 84 Web : www.woodtools.hu Email.: &#119;&#111;&#111;dtoo&#108;&#115;&#107;&#102;&#116;&#64;g&#109;&#97;il.com Tel .: 30\/546-8346 \/ Radeczki Melinda 70\/504-0987 \/ Kaszala Zsolt &nbsp;<\/p>\n","protected":false},"author":1,"featured_media":0,"parent":0,"menu_order":0,"comment_status":"closed","ping_status":"closed","template":"","meta":{"footnotes":""},"class_list":["post-35","page","type-page","status-publish","hentry"],"aioseo_notices":[],"_links":{"self":[{"href":"http:\/\/www.woodtools.hu\/wt\/wp-json\/wp\/v2\/pages\/35","targetHints":{"allow":["GET"]}}],"collection":[{"href":"http:\/\/www.woodtools.hu\/wt\/wp-json\/wp\/v2\/pages"}],"about":[{"href":"http:\/\/www.woodtools.hu\/wt\/wp-json\/wp\/v2\/types\/page"}],"author":[{"embeddable":true,"href":"http:\/\/www.woodtools.hu\/wt\/wp-json\/wp\/v2\/users\/1"}],"replies":[{"embeddable":true,"href":"http:\/\/www.woodtools.hu\/wt\/wp-json\/wp\/v2\/comments?post=35"}],"version-history":[{"count":8,"href":"http:\/\/www.woodtools.hu\/wt\/wp-json\/wp\/v2\/pages\/35\/revisions"}],"predecessor-version":[{"id":960,"href":"http:\/\/www.woodtools.hu\/wt\/wp-json\/wp\/v2\/pages\/35\/revisions\/960"}],"wp:attachment":[{"href":"http:\/\/www.woodtools.hu\/wt\/wp-json\/wp\/v2\/media?parent=35"}],"curies":[{"name":"wp","href":"https:\/\/api.w.org\/{rel}","templated":true}]}}