{"id":33,"date":"2014-06-03T08:54:09","date_gmt":"2014-06-03T06:54:09","guid":{"rendered":"http:\/\/www.woodtools.hu\/?page_id=33"},"modified":"2024-06-04T10:56:22","modified_gmt":"2024-06-04T08:56:22","slug":"rendeles","status":"publish","type":"page","link":"http:\/\/www.woodtools.hu\/wt\/rendeles\/","title":{"rendered":"Rendel\u00e9s"},"content":{"rendered":"<p>Ezen az oldalon adhatja le term\u00e9keink megrendel\u00e9s\u00e9t. K\u00e9rj\u00fck a pontos sz\u00e1ll\u00edt\u00e1s miatt minden rubrika kit\u00f6lt\u00e9s\u00e9t.<br \/>\nRendel\u00e9s mez\u0151be egyszer\u0171en \u00edrja be a term\u00e9k megnevez\u00e9s\u00e9t \/ k\u00f3dsz\u00e1m\u00e1t \/.<br \/>\nRendel\u00e9s\u00e9t \u00a0visszaigazoljuk a v\u00e1rhat\u00f3 sz\u00e1ll\u00edt\u00e1si hat\u00e1rid\u0151vel valamint a sz\u00e1ll\u00edt\u00e1si k\u00f6lts\u00e9g pontos \u00f6sszeg\u00e9vel.<\/p>\n<div class=\"forminator-ui forminator-custom-form forminator-custom-form-1560 forminator-design--flat  forminator_ajax\" data-forminator-render=\"0\" data-form=\"forminator-module-1560\" data-uid=\"69e1b4412c9f7\"><br\/><\/div><form\n\t\t\t\tid=\"forminator-module-1560\"\n\t\t\t\tclass=\"forminator-ui forminator-custom-form forminator-custom-form-1560 forminator-design--flat  forminator_ajax\"\n\t\t\t\tmethod=\"post\"\n\t\t\t\tdata-forminator-render=\"0\"\n\t\t\t\tdata-form-id=\"1560\"\n\t\t\t\t\n\t\t\t\tdata-design=\"flat\"\n\t\t\t\tdata-color-option=\"default\"\n\t\t\t\t\n\t\t\t\t\n\t\t\t\t\n\t\t\t\tdata-grid=\"open\"\n\t\t\t\t\n\t\t\t\t\n\t\t\t\tstyle=\"display: none;\"\n\t\t\t\t\n\t\t\t\tdata-uid=\"69e1b4412c9f7\"\n\t\t\t><div role=\"alert\" aria-live=\"polite\" class=\"forminator-response-message forminator-error\" aria-hidden=\"true\"><\/div><div class=\"forminator-row\"><div id=\"name-1\" class=\"forminator-field-name forminator-col forminator-col-12 \"><div class=\"forminator-field\"><label for=\"forminator-field-name-1_69e1b4412c9f7\" id=\"forminator-field-name-1_69e1b4412c9f7-label\" class=\"forminator-label\">N\u00e9v <span class=\"forminator-required\">*<\/span><\/label><input type=\"text\" name=\"name-1\" value=\"\" placeholder=\"\" id=\"forminator-field-name-1_69e1b4412c9f7\" class=\"forminator-input forminator-name--field\" aria-required=\"true\" \/><\/div><\/div><\/div><div class=\"forminator-row\"><div id=\"name-2\" class=\"forminator-field-name forminator-col forminator-col-6 \"><div class=\"forminator-field\"><label for=\"forminator-field-name-2_69e1b4412c9f7\" id=\"forminator-field-name-2_69e1b4412c9f7-label\" class=\"forminator-label\">C\u00e9gn\u00e9v<\/label><input type=\"text\" name=\"name-2\" value=\"\" placeholder=\"\" id=\"forminator-field-name-2_69e1b4412c9f7\" class=\"forminator-input forminator-name--field\" aria-required=\"false\" \/><\/div><\/div><div id=\"name-3\" class=\"forminator-field-name forminator-col forminator-col-6 \"><div class=\"forminator-field\"><label for=\"forminator-field-name-3_69e1b4412c9f7\" id=\"forminator-field-name-3_69e1b4412c9f7-label\" class=\"forminator-label\">Ad\u00f3sz\u00e1m<\/label><input type=\"text\" name=\"name-3\" value=\"\" placeholder=\"\" id=\"forminator-field-name-3_69e1b4412c9f7\" class=\"forminator-input forminator-name--field\" aria-required=\"false\" aria-describedby=\"forminator-field-name-3_69e1b4412c9f7-description\" \/><span id=\"forminator-field-name-3_69e1b4412c9f7-description\" class=\"forminator-description\">(csak c\u00e9g eset\u00e9n k\u00f6telez\u0151)<\/span><\/div><\/div><\/div><div class=\"forminator-row\"><div id=\"name-4\" class=\"forminator-field-name forminator-col forminator-col-12 \"><div class=\"forminator-field\"><label for=\"forminator-field-name-4_69e1b4412c9f7\" id=\"forminator-field-name-4_69e1b4412c9f7-label\" class=\"forminator-label\">Sz\u00e1ml\u00e1z\u00e1si c\u00edm <span class=\"forminator-required\">*<\/span><\/label><input type=\"text\" name=\"name-4\" value=\"\" placeholder=\"\" id=\"forminator-field-name-4_69e1b4412c9f7\" class=\"forminator-input forminator-name--field\" aria-required=\"true\" \/><\/div><\/div><\/div><div class=\"forminator-row\"><div id=\"name-5\" class=\"forminator-field-name forminator-col forminator-col-12 \"><div class=\"forminator-field\"><label for=\"forminator-field-name-5_69e1b4412c9f7\" id=\"forminator-field-name-5_69e1b4412c9f7-label\" class=\"forminator-label\">Sz\u00e1ll\u00edt\u00e1si c\u00edm <span class=\"forminator-required\">*<\/span><\/label><input type=\"text\" name=\"name-5\" value=\"\" placeholder=\"\" id=\"forminator-field-name-5_69e1b4412c9f7\" class=\"forminator-input forminator-name--field\" aria-required=\"true\" \/><\/div><\/div><\/div><div class=\"forminator-row\"><div id=\"email-1\" class=\"forminator-field-email forminator-col forminator-col-6 \"><div class=\"forminator-field\"><label for=\"forminator-field-email-1_69e1b4412c9f7\" id=\"forminator-field-email-1_69e1b4412c9f7-label\" class=\"forminator-label\">E-mail c\u00edm <span class=\"forminator-required\">*<\/span><\/label><input type=\"email\" name=\"email-1\" value=\"\" placeholder=\"\" id=\"forminator-field-email-1_69e1b4412c9f7\" class=\"forminator-input forminator-email--field\" data-required=\"true\" aria-required=\"true\" \/><\/div><\/div><div id=\"phone-1\" class=\"forminator-field-phone forminator-col forminator-col-6 \"><div class=\"forminator-field\"><label for=\"forminator-field-phone-1_69e1b4412c9f7\" id=\"forminator-field-phone-1_69e1b4412c9f7-label\" class=\"forminator-label\">Telefonsz\u00e1m<\/label><input type=\"text\" name=\"phone-1\" value=\"\" placeholder=\"\" id=\"forminator-field-phone-1_69e1b4412c9f7\" class=\"forminator-input forminator-field--phone\" data-required=\"\" aria-required=\"false\" autocomplete=\"off\" \/><\/div><\/div><\/div><div class=\"forminator-row\"><div id=\"textarea-1\" class=\"forminator-field-textarea forminator-col forminator-col-12 \"><div class=\"forminator-field\"><label for=\"forminator-field-textarea-1_69e1b4412c9f7\" id=\"forminator-field-textarea-1_69e1b4412c9f7-label\" class=\"forminator-label\">Rendel\u00e9s felsorol\u00e1sa <span class=\"forminator-required\">*<\/span><\/label><textarea name=\"textarea-1\" placeholder=\"\" id=\"forminator-field-textarea-1_69e1b4412c9f7\" class=\"forminator-textarea\" rows=\"6\" style=\"min-height:140px;\" ><\/textarea><span id=\"forminator-field-textarea-1_69e1b4412c9f7-description\" class=\"forminator-description\"><span data-limit=\"600\" data-type=\"words\" data-editor=\"\">0 \/ 600<\/span><\/span><\/div><\/div><\/div><input type=\"hidden\" name=\"referer_url\" value=\"\" \/><div class=\"forminator-row forminator-row-last\"><div class=\"forminator-col\"><div class=\"forminator-field\"><button class=\"forminator-button forminator-button-submit\">Rendel&eacute;s elk&uuml;ld&eacute;se<\/button><\/div><\/div><\/div><input type=\"hidden\" id=\"forminator_nonce\" name=\"forminator_nonce\" value=\"0d8c80fd79\" \/><input type=\"hidden\" name=\"_wp_http_referer\" value=\"\/wt\/wp-json\/wp\/v2\/pages\/33\" \/><input type=\"hidden\" name=\"form_id\" value=\"1560\"><input type=\"hidden\" name=\"page_id\" value=\"33\"><input type=\"hidden\" name=\"form_type\" value=\"default\"><input type=\"hidden\" name=\"current_url\" value=\"http:\/\/www.woodtools.hu\/wt\/rendeles\/\"><input type=\"hidden\" name=\"render_id\" value=\"0\"><input type=\"hidden\" name=\"action\" value=\"forminator_submit_form_custom-forms\"><\/form>\n","protected":false},"excerpt":{"rendered":"<p>Ezen az oldalon adhatja le term\u00e9keink megrendel\u00e9s\u00e9t. K\u00e9rj\u00fck a pontos sz\u00e1ll\u00edt\u00e1s miatt minden rubrika kit\u00f6lt\u00e9s\u00e9t. Rendel\u00e9s mez\u0151be egyszer\u0171en \u00edrja be a term\u00e9k megnevez\u00e9s\u00e9t \/ k\u00f3dsz\u00e1m\u00e1t \/. Rendel\u00e9s\u00e9t \u00a0visszaigazoljuk a v\u00e1rhat\u00f3 sz\u00e1ll\u00edt\u00e1si hat\u00e1rid\u0151vel valamint a sz\u00e1ll\u00edt\u00e1si k\u00f6lts\u00e9g pontos \u00f6sszeg\u00e9vel.<\/p>\n","protected":false},"author":1,"featured_media":0,"parent":0,"menu_order":0,"comment_status":"closed","ping_status":"closed","template":"","meta":{"footnotes":""},"class_list":["post-33","page","type-page","status-publish","hentry"],"aioseo_notices":[],"_links":{"self":[{"href":"http:\/\/www.woodtools.hu\/wt\/wp-json\/wp\/v2\/pages\/33","targetHints":{"allow":["GET"]}}],"collection":[{"href":"http:\/\/www.woodtools.hu\/wt\/wp-json\/wp\/v2\/pages"}],"about":[{"href":"http:\/\/www.woodtools.hu\/wt\/wp-json\/wp\/v2\/types\/page"}],"author":[{"embeddable":true,"href":"http:\/\/www.woodtools.hu\/wt\/wp-json\/wp\/v2\/users\/1"}],"replies":[{"embeddable":true,"href":"http:\/\/www.woodtools.hu\/wt\/wp-json\/wp\/v2\/comments?post=33"}],"version-history":[{"count":9,"href":"http:\/\/www.woodtools.hu\/wt\/wp-json\/wp\/v2\/pages\/33\/revisions"}],"predecessor-version":[{"id":1562,"href":"http:\/\/www.woodtools.hu\/wt\/wp-json\/wp\/v2\/pages\/33\/revisions\/1562"}],"wp:attachment":[{"href":"http:\/\/www.woodtools.hu\/wt\/wp-json\/wp\/v2\/media?parent=33"}],"curies":[{"name":"wp","href":"https:\/\/api.w.org\/{rel}","templated":true}]}}