{"id":1195,"date":"2018-11-13T14:16:33","date_gmt":"2018-11-13T13:16:33","guid":{"rendered":"http:\/\/www.woodtools.hu\/wt\/?page_id=1195"},"modified":"2024-11-18T13:17:11","modified_gmt":"2024-11-18T12:17:11","slug":"cserelheto-lapkas-felsomaro-kesek","status":"publish","type":"page","link":"http:\/\/www.woodtools.hu\/wt\/cserelheto-lapkas-felsomaro-kesek\/","title":{"rendered":"Olasz Cser\u00e9lhet\u0151 lapk\u00e1s Fels\u0151mar\u00f3 k\u00e9sek"},"content":{"rendered":"<p>&nbsp;<\/p>\n<p><img loading=\"lazy\" decoding=\"async\" class=\"alignnone size-thumbnail wp-image-869\" src=\"http:\/\/www.woodtools.hu\/wp-content\/uploads\/FALC-3-150x150.png\" alt=\"\" width=\"150\" height=\"150\" \/><img loading=\"lazy\" decoding=\"async\" class=\"alignnone size-thumbnail wp-image-867\" src=\"http:\/\/www.woodtools.hu\/wp-content\/uploads\/FALC-150x150.png\" alt=\"\" width=\"150\" height=\"150\" \/><\/p>\n<table width=\"396\">\n<tbody>\n<tr>\n<td>D<\/td>\n<td>HT<\/td>\n<td>L<\/td>\n<td>d<\/td>\n<td>cod<\/td>\n<td>\u00e1r<\/td>\n<\/tr>\n<tr>\n<td>44<\/td>\n<td>12<\/td>\n<td>57<\/td>\n<td>8<\/td>\n<td>2763<\/td>\n<td><span style=\"color: #ff0000;\">31.991-<\/span><\/td>\n<\/tr>\n<tr>\n<td>44<\/td>\n<td>12<\/td>\n<td>57<\/td>\n<td>12<\/td>\n<td>2764<\/td>\n<td><span style=\"color: #ff0000;\">31.991-<\/span><\/td>\n<\/tr>\n<tr>\n<td>44<\/td>\n<td>29,5<\/td>\n<td>72<\/td>\n<td>12<\/td>\n<td>2765<\/td>\n<td><span style=\"color: #ff0000;\">38.450-<\/span><\/td>\n<\/tr>\n<\/tbody>\n<\/table>\n<p>Lapka : 12\u00d712 Z4 \u00a0 :\u00a0 \u00a0 \u00a0<span style=\"color: #ff0000;\"> 1445<\/span>-\/ db<br \/>\n29,5\u00d712 Z4 : <span style=\"color: #ff0000;\">2820<\/span>-\/ db<\/p>\n<p><img loading=\"lazy\" decoding=\"async\" class=\"alignnone wp-image-290\" src=\"http:\/\/www.woodtools.hu\/wp-content\/uploads\/cserelapkas_marokes3-1-150x150.jpg\" alt=\"\" width=\"158\" height=\"158\" \/><\/p>\n<table style=\"width: 498px;\" width=\"482\">\n<tbody>\n<tr>\n<td style=\"width: 62px;\">D<\/td>\n<td style=\"width: 62px;\">I<\/td>\n<td style=\"width: 66px;\">L<\/td>\n<td style=\"width: 62px;\">d<\/td>\n<td style=\"width: 98px;\">code<\/td>\n<td style=\"width: 148px;\">\u00e1r<\/td>\n<\/tr>\n<tr>\n<td style=\"width: 62px;\">19<\/td>\n<td style=\"width: 62px;\">30<\/td>\n<td style=\"width: 66px;\">\u00a067<\/td>\n<td style=\"width: 62px;\">8<\/td>\n<td style=\"width: 98px;\">\u00a02536<\/td>\n<td style=\"width: 148px;\">\u00a0<span style=\"color: #ff0000;\">28.219-<\/span><\/td>\n<\/tr>\n<tr>\n<td style=\"width: 62px;\">19<\/td>\n<td style=\"width: 62px;\">50<\/td>\n<td style=\"width: 66px;\">\u00a095<\/td>\n<td style=\"width: 62px;\">12<\/td>\n<td style=\"width: 98px;\">\u00a02538<\/td>\n<td style=\"width: 148px;\">\u00a031.991<span style=\"color: #ff0000;\">&#8211;<\/span><\/td>\n<\/tr>\n<\/tbody>\n<\/table>\n<p>Csap\u00e1gy 6\/19\u00a0 \u00a0 \u00a0 \u00a0 \u00a0 \u00a0 \u00a0 \u00a0 \u00a0 \u00a0 \u00a0 \u00a0\u00c1ra :\u00a0 \u00a0<span style=\"color: #ff0000;\">3570<\/span>&#8211;<br \/>\nTorx csavar \/lapk\u00e1hoz \/ \u00a0\u00c1ra :\u00a0 \u00a0 \u00a0 3090-<br \/>\nLapka : 30\u00d712\u00d71.5 Z2\u00a0 \u00a0 \u00a0 \u00a0 1676<span style=\"color: #ff0000;\">&#8211;<\/span>\/ db<br \/>\n50\u00d712\u00d71.5 Z2\u00a0 \u00a0 \u00a02660-\/ db<\/p>\n<p><img loading=\"lazy\" decoding=\"async\" class=\"alignnone wp-image-227\" src=\"http:\/\/www.woodtools.hu\/wp-content\/uploads\/cserelapkas_marokes-150x150.jpg\" alt=\"\" width=\"176\" height=\"176\" \/><\/p>\n<table width=\"448\">\n<tbody>\n<tr>\n<td>D<\/td>\n<td>I<\/td>\n<td>L<\/td>\n<td>d<\/td>\n<td>code<\/td>\n<td>\u00e1r<\/td>\n<\/tr>\n<tr>\n<td>19<\/td>\n<td>30<\/td>\n<td>\u00a068<\/td>\n<td>8<\/td>\n<td>\u00a02431<\/td>\n<td><span style=\"color: #ff0000;\">\u00a031.991-<\/span><\/td>\n<\/tr>\n<tr>\n<td>19<\/td>\n<td>40<\/td>\n<td>\u00a078<\/td>\n<td>8<\/td>\n<td>\u00a03249<\/td>\n<td>\u00a0<span style=\"color: #ff0000;\">35.255-<\/span><\/td>\n<\/tr>\n<\/tbody>\n<\/table>\n<p>Csap\u00e1gy 10\/19 \u00a0 \u00a0 \u00a0 \u00a0 \u00a0 \u00a0 \u00a0 \u00a0 \u00a0 \u00a0\u00c1ra :\u00a0 \u00a0<span style=\"color: #ff0000;\">3874-<\/span><br \/>\nTorx csavar \/ lapk\u00e1hoz \/ \u00a0\u00c1ra :\u00a0 \u00a03090-<br \/>\nLapka : 30\u00d712\u00d71.5 Z 4\u00a0 \u00a0 \u00a0 \u00a0 \u00a0 \u00a0 \u00a0 2819<span style=\"color: #ff0000;\">&#8211;<\/span>\/ db<br \/>\n40\u00d712\u00d71.5 \u00a0Z 2\u00a0 \u00a0 \u00a0 \u00a0 \u00a0 \u00a0 \u00a0 \u00a0 \u00a0 \u00a0 \u00a0 \u00a0 \u00a0 \u00a0 \u00a02210<span style=\"color: #ff0000;\">&#8211;<\/span>\/ db<br \/>\n40\u00d712\u00d71.5 Z 4\u00a0 \u00a0 \u00a0 \u00a0 \u00a0 \u00a0 \u00a0 \u00a0 \u00a0 \u00a0 \u00a0 \u00a0 \u00a0 \u00a0 \u00a0 4160-\/ db<\/p>\n<p><img loading=\"lazy\" decoding=\"async\" class=\"alignnone wp-image-226\" src=\"http:\/\/www.woodtools.hu\/wp-content\/uploads\/cserelapkas_marokes2-150x150.jpg\" alt=\"\" width=\"175\" height=\"175\" \/><\/p>\n<table width=\"404\">\n<tbody>\n<tr>\n<td>D<\/td>\n<td>I<\/td>\n<td>L<\/td>\n<td>d<\/td>\n<td>code<\/td>\n<td>\u00e1r<\/td>\n<\/tr>\n<tr>\n<td>19<\/td>\n<td>30<\/td>\n<td>\u00a073<\/td>\n<td>8<\/td>\n<td>\u00a02816<\/td>\n<td><span style=\"color: #ff0000;\">\u00a033.598-<\/span><\/td>\n<\/tr>\n<\/tbody>\n<\/table>\n<p>Csap\u00e1gy 6\/19 \u00a0 \u00a0 \u00a0 \u00a0 \u00a0 \u00a0 \u00a0 \u00a0 \u00a0 \u00c1ra :\u00a0 <span style=\"color: #ff0000;\">\u00a03570-<\/span><br \/>\n10\/19\u00a0 \u00a0 \u00a0 \u00a0 \u00a0 \u00a0 \u00a0 \u00a0 \u00a0 \u00a0\u00c1ra :\u00a0 <span style=\"color: #ff0000;\">3875\u2013<\/span><br \/>\nTorx csavar \/lapk\u00e1hoz \/ \u00a0\u00c1ra :<span style=\"color: #ff0000;\"> 3090-<\/span>\/ db<br \/>\nLapka : 30*12*1,5 \u00a0Z2 \u00a0\u00c1ra :<span style=\"color: #ff0000;\"> 1676<\/span>-\/db<\/p>\n<p>Az \u00e1rak forintban \u00e9rtend\u0151k a 27% \u00c1fa \u00f6sszeg\u00e9t tartalmazza .<\/p>\n<div class=\"fb-like fb_iframe_widget\" data-href=\"http:\/\/www.woodtools.hu\/wt\/felso-maro-kesek\/falc-maro-cserelheto-lapkas\/\" data-send=\"false\" data-layout=\"standard\" data-width=\"450\" data-action=\"like\" data-font=\"\"><\/div>\n","protected":false},"excerpt":{"rendered":"<p>&nbsp; D HT L d cod \u00e1r 44 12 57 8 2763 31.991- 44 12 57 12 2764 31.991- 44 29,5 72 12 2765 38.450- Lapka : 12\u00d712 Z4 \u00a0 :\u00a0 \u00a0 \u00a0 1445-\/ db 29,5\u00d712 Z4 : 2820-\/ db D I L d code \u00e1r 19 30 \u00a067 8 \u00a02536 \u00a028.219- 19 50 \u00a095 &hellip; <a href=\"http:\/\/www.woodtools.hu\/wt\/cserelheto-lapkas-felsomaro-kesek\/\" class=\"more-link\"><span class=\"screen-reader-text\">Olasz Cser\u00e9lhet\u0151 lapk\u00e1s Fels\u0151mar\u00f3 k\u00e9sek<\/span> b\u0151vebben&#8230; <span class=\"meta-nav\">&rarr;<\/span><\/a><\/p>\n","protected":false},"author":2,"featured_media":0,"parent":0,"menu_order":3,"comment_status":"closed","ping_status":"closed","template":"","meta":{"footnotes":""},"class_list":["post-1195","page","type-page","status-publish","hentry"],"aioseo_notices":[],"_links":{"self":[{"href":"http:\/\/www.woodtools.hu\/wt\/wp-json\/wp\/v2\/pages\/1195","targetHints":{"allow":["GET"]}}],"collection":[{"href":"http:\/\/www.woodtools.hu\/wt\/wp-json\/wp\/v2\/pages"}],"about":[{"href":"http:\/\/www.woodtools.hu\/wt\/wp-json\/wp\/v2\/types\/page"}],"author":[{"embeddable":true,"href":"http:\/\/www.woodtools.hu\/wt\/wp-json\/wp\/v2\/users\/2"}],"replies":[{"embeddable":true,"href":"http:\/\/www.woodtools.hu\/wt\/wp-json\/wp\/v2\/comments?post=1195"}],"version-history":[{"count":12,"href":"http:\/\/www.woodtools.hu\/wt\/wp-json\/wp\/v2\/pages\/1195\/revisions"}],"predecessor-version":[{"id":1572,"href":"http:\/\/www.woodtools.hu\/wt\/wp-json\/wp\/v2\/pages\/1195\/revisions\/1572"}],"wp:attachment":[{"href":"http:\/\/www.woodtools.hu\/wt\/wp-json\/wp\/v2\/media?parent=1195"}],"curies":[{"name":"wp","href":"https:\/\/api.w.org\/{rel}","templated":true}]}}