{"id":1007,"date":"2017-04-05T09:22:04","date_gmt":"2017-04-05T07:22:04","guid":{"rendered":"http:\/\/www.woodtools.hu\/wt\/?page_id=1007"},"modified":"2025-11-18T13:31:51","modified_gmt":"2025-11-18T12:31:51","slug":"lamella","status":"publish","type":"page","link":"http:\/\/www.woodtools.hu\/wt\/lamella\/","title":{"rendered":"Lamella"},"content":{"rendered":"<header class=\"entry-header\">\n<h1 class=\"entry-title\">K\u00d6TELEM LAMMEL\u00d3<\/h1>\n<div class=\"entry-meta\"><span class=\"edit-link\"><a class=\"post-edit-link\" href=\"http:\/\/www.woodtools.hu\/wp-admin\/post.php?post=390&amp;action=edit\">SZERKESZT\u00c9S<\/a><\/span><\/div>\n<\/header>\n<div class=\"entry-content\">\n<p><a class=\"fancybox\" href=\"http:\/\/www.woodtools.hu\/wp-content\/uploads\/lamell%C3%B3.jpg\" rel=\"fancybox\"><img loading=\"lazy\" decoding=\"async\" class=\"alignnone size-thumbnail wp-image-379\" src=\"http:\/\/www.woodtools.hu\/wp-content\/uploads\/lamell%C3%B3-150x150.jpg\" alt=\"lamell\u00f3\" width=\"150\" height=\"150\" \/><\/a><\/p>\n<table width=\"544\">\n<tbody>\n<tr>\n<td>1000db\/doboz<\/td>\n<td>1-10doboz<\/td>\n<td>11-30 doboz<\/td>\n<td>30 doboz felett<\/td>\n<\/tr>\n<tr>\n<td>0-\u00e1s<\/td>\n<td>8255-<\/td>\n<td>7875-<\/td>\n<td>7350-<\/td>\n<\/tr>\n<tr>\n<td>10-es<\/td>\n<td>8255-<\/td>\n<td>7875-<\/td>\n<td>7350-<\/td>\n<\/tr>\n<tr>\n<td>20-as<\/td>\n<td>8255-<\/td>\n<td>7875-<\/td>\n<td>7350-<\/td>\n<\/tr>\n<\/tbody>\n<\/table>\n<p>&nbsp;<\/p>\n<p>Az \u00e1rak forintban \u00e9rtend\u0151k a 27% \u00e1fa \u00f6sszeg\u00e9t tartalmazza .<\/p>\n<\/div>\n","protected":false},"excerpt":{"rendered":"<p>K\u00d6TELEM LAMMEL\u00d3 SZERKESZT\u00c9S 1000db\/doboz 1-10doboz 11-30 doboz 30 doboz felett 0-\u00e1s 8255- 7875- 7350- 10-es 8255- 7875- 7350- 20-as 8255- 7875- 7350- &nbsp; Az \u00e1rak forintban \u00e9rtend\u0151k a 27% \u00e1fa \u00f6sszeg\u00e9t tartalmazza .<\/p>\n","protected":false},"author":2,"featured_media":379,"parent":0,"menu_order":6,"comment_status":"closed","ping_status":"closed","template":"","meta":{"footnotes":""},"class_list":["post-1007","page","type-page","status-publish","has-post-thumbnail","hentry"],"aioseo_notices":[],"_links":{"self":[{"href":"http:\/\/www.woodtools.hu\/wt\/wp-json\/wp\/v2\/pages\/1007","targetHints":{"allow":["GET"]}}],"collection":[{"href":"http:\/\/www.woodtools.hu\/wt\/wp-json\/wp\/v2\/pages"}],"about":[{"href":"http:\/\/www.woodtools.hu\/wt\/wp-json\/wp\/v2\/types\/page"}],"author":[{"embeddable":true,"href":"http:\/\/www.woodtools.hu\/wt\/wp-json\/wp\/v2\/users\/2"}],"replies":[{"embeddable":true,"href":"http:\/\/www.woodtools.hu\/wt\/wp-json\/wp\/v2\/comments?post=1007"}],"version-history":[{"count":8,"href":"http:\/\/www.woodtools.hu\/wt\/wp-json\/wp\/v2\/pages\/1007\/revisions"}],"predecessor-version":[{"id":1611,"href":"http:\/\/www.woodtools.hu\/wt\/wp-json\/wp\/v2\/pages\/1007\/revisions\/1611"}],"wp:featuredmedia":[{"embeddable":true,"href":"http:\/\/www.woodtools.hu\/wt\/wp-json\/wp\/v2\/media\/379"}],"wp:attachment":[{"href":"http:\/\/www.woodtools.hu\/wt\/wp-json\/wp\/v2\/media?parent=1007"}],"curies":[{"name":"wp","href":"https:\/\/api.w.org\/{rel}","templated":true}]}}